{"id":3060,"date":"2025-04-07T06:19:56","date_gmt":"2025-04-07T06:19:56","guid":{"rendered":"https:\/\/hanheng.easiwin.com\/product\/dry-transport-swab-viscoserayon-tipped-swab-specimen-collection-self-sampling-and-transportation\/"},"modified":"2025-04-07T06:19:56","modified_gmt":"2025-04-07T06:19:56","slug":"dry-transport-swab-viscoserayon-tipped-swab-specimen-collection-self-sampling-and-transportation","status":"publish","type":"product","link":"https:\/\/hanheng-medical.com\/es\/product\/dry-transport-swab-viscoserayon-tipped-swab-specimen-collection-self-sampling-and-transportation\/","title":{"rendered":"Hisopo de transporte en seco\/Hisopo con punta de viscosa (ray\u00f3n)\/Recolecci\u00f3n y transporte de muestras (autosampling)"},"content":{"rendered":"<h2>Caracter\u00edsticas principales<\/h2>\n<ol>\n<li>Aunque se produce a partir de material natural, el proceso de fabricaci\u00f3n elimina cualquier componente que pueda da\u00f1ar la muestra o interferir en el transporte y\/o procesamiento de la muestra.<\/li>\n<li>Aplicador de uso general; Hisopo de recogida de muestras para pruebas y detecci\u00f3n; Recogida de c\u00e9lulas para pruebas de ADN;<\/li>\n<li>Etiqueta sellada para evitar la reutilizaci\u00f3n.<\/li>\n<li>Esterilizaci\u00f3n y vida \u00fatil: Esterilizado con ETO con una vida \u00fatil de 5 a\u00f1os.<\/li>\n<\/ol>\n<table>\n<tbody>\n<tr>\n<td >\nNombre del producto\n<\/td>\n<td >\nHisopo de muestreo desechable\n<\/td>\n<\/tr>\n<tr>\n<td >\nN\u00famero de art\u00edculo\n<\/td>\n<td >\nC-04\n<\/td>\n<\/tr>\n<tr>\n<td >\nCom\u00fanmente utilizado para\n<\/td>\n<td >\nDiagn\u00f3stico\/Recolecci\u00f3n de muestras;<br \/>\nForense\/Gen\u00e9tica;<br \/>\nM\u00e9dico;\n<\/td>\n<\/tr>\n<tr>\n<td rowspan=\"2\" >\nMaterial\n<\/td>\n<td >\nPunta: Ray\u00f3n (Viscosa)\n<\/td>\n<\/tr>\n<tr>\n<td >\nMango:<br \/>\nMadera;<br \/>\no Acrilonitrilo Butadieno Estireno (ABS);<br \/>\no Poliestireno (PS) o Polipropileno (PP);\n<\/td>\n<\/tr>\n<tr>\n<td >\nPunto de rotura\n<\/td>\n<td >\nDisponible\n<\/td>\n<\/tr>\n<tr>\n<td >\nCertificaci\u00f3n\n<\/td>\n<td >\nCE0197,FDA, GOST-R,NMPA, ISO13485\n<\/td>\n<\/tr>\n<tr>\n<td >\nEsterilizaci\u00f3n\n<\/td>\n<td >\nEOS\n<\/td>\n<\/tr>\n<tr>\n<td >\nTiempo de vida \u00fatil\n<\/td>\n<td >\n5 a\u00f1os\n<\/td>\n<\/tr>\n<tr>\n<td rowspan=\"4\" >\nMedidas\n<\/td>\n<td >\nLongitud total (L): 133+\/-10mm\n<\/td>\n<\/tr>\n<tr>\n<td >\nLongitud de la punta (L1): 13+\/-5mm<br \/>\nDi\u00e1metro de la punta (D1): 4,5+\/-2mm\n<\/td>\n<\/tr>\n<tr>\n<td >\nDi\u00e1metro del mango (D2): 2,5+\/-1mm\n<\/td>\n<\/tr>\n<tr>\n<td >\nDi\u00e1metro del mango (D3): 2,5+\/-1mm\n<\/td>\n<\/tr>\n<tr>\n<td >\nC\u00f3digo SA\n<\/td>\n<td >\n300590\n<\/td>\n<\/tr>\n<\/tbody>\n<\/table>","protected":false},"featured_media":2961,"parent":0,"template":"","meta":{"_acf_changed":false,"_gspb_post_css":"","_kad_blocks_custom_css":"","_kad_blocks_head_custom_js":"","_kad_blocks_body_custom_js":"","_kad_blocks_footer_custom_js":"","_kad_post_transparent":"","_kad_post_title":"","_kad_post_layout":"","_kad_post_sidebar_id":"","_kad_post_content_style":"","_kad_post_vertical_padding":"","_kad_post_feature":"","_kad_post_feature_position":"","_kad_post_header":false,"_kad_post_footer":false,"_kad_post_classname":""},"product-category":[50],"product-tag":[75,76,77],"products-by-department":[63],"class_list":["post-3060","product","type-product","status-publish","has-post-thumbnail","hentry","product-category-disposable-sampling-swab","product-tag-protective-sheath","product-tag-specimen-collection","product-tag-viscose-tip","products-by-department-multiple-application"],"acf":[],"taxonomy_info":{"product-category":[{"value":50,"label":"Disposable Sampling Swab"}],"product-tag":[{"value":75,"label":"Protective Sheath"},{"value":76,"label":"Specimen Collection"},{"value":77,"label":"Viscose Tip"}],"products-by-department":[{"value":63,"label":"Multiple Application"}]},"featured_image_src_large":["https:\/\/hanheng-medical.com\/wp-content\/uploads\/2025\/04\/Dry-Transport-Swab-ViscoseRayon-Tipped-Swab-Specimen-Collection-Self-Sampling-and-Transportation-C-04-3.jpg",800,800,false],"author_info":[],"comment_info":"","_links":{"self":[{"href":"https:\/\/hanheng-medical.com\/es\/wp-json\/wp\/v2\/product\/3060","targetHints":{"allow":["GET"]}}],"collection":[{"href":"https:\/\/hanheng-medical.com\/es\/wp-json\/wp\/v2\/product"}],"about":[{"href":"https:\/\/hanheng-medical.com\/es\/wp-json\/wp\/v2\/types\/product"}],"wp:featuredmedia":[{"embeddable":true,"href":"https:\/\/hanheng-medical.com\/es\/wp-json\/wp\/v2\/media\/2961"}],"wp:attachment":[{"href":"https:\/\/hanheng-medical.com\/es\/wp-json\/wp\/v2\/media?parent=3060"}],"wp:term":[{"taxonomy":"product-category","embeddable":true,"href":"https:\/\/hanheng-medical.com\/es\/wp-json\/wp\/v2\/product-category?post=3060"},{"taxonomy":"product-tag","embeddable":true,"href":"https:\/\/hanheng-medical.com\/es\/wp-json\/wp\/v2\/product-tag?post=3060"},{"taxonomy":"products-by-department","embeddable":true,"href":"https:\/\/hanheng-medical.com\/es\/wp-json\/wp\/v2\/products-by-department?post=3060"}],"curies":[{"name":"wp","href":"https:\/\/api.w.org\/{rel}","templated":true}]}}