{"id":3048,"date":"2025-04-07T06:19:56","date_gmt":"2025-04-07T06:19:56","guid":{"rendered":"https:\/\/hanheng.easiwin.com\/product\/polyurethane-foam-swab-nasal-specimen-collection-equipement-and-electronic-devices-cleaning-g-014\/"},"modified":"2025-05-19T09:31:55","modified_gmt":"2025-05-19T09:31:55","slug":"polyurethane-foam-swab-nasal-specimen-collection-equipement-and-electronic-devices-cleaning-g-014","status":"publish","type":"product","link":"https:\/\/hanheng-medical.com\/es\/product\/polyurethane-foam-swab-nasal-specimen-collection-equipement-and-electronic-devices-cleaning-g-014\/","title":{"rendered":"Hisopo de espuma de poliuretano\/recogida de muestras nasales\/equipos y limpieza de dispositivos electr\u00f3nicos G-014"},"content":{"rendered":"<h2>Caracter\u00edsticas principales<\/h2>\n<ol>\n<li>La espuma de poliuretano es resistente al desgarro y a los productos qu\u00edmicos.<\/li>\n<li>Excelente absorci\u00f3n<\/li>\n<li>Sin pelusa<\/li>\n<li>Esterilizaci\u00f3n y vida \u00fatil: Esterilizado con ETO con una vida \u00fatil de 5 a\u00f1os.<\/li>\n<li>Uso seguro y conveniente: Envuelto individualmente, de un solo uso y sin l\u00e1tex para una m\u00e1xima higiene y seguridad del paciente.<\/li>\n<\/ol>\n<table>\n<tbody>\n<tr>\n<td>Nombre del producto<\/td>\n<td>Hisopo de muestreo desechable<\/td>\n<\/tr>\n<tr>\n<td>N\u00famero de art\u00edculo<\/td>\n<td>G-014<\/td>\n<\/tr>\n<tr>\n<td>Com\u00fanmente utilizado para<\/td>\n<td>Diagn\u00f3stico\/Recolecci\u00f3n de muestras Forense\/Gen\u00e9tica<br \/>\nM\u00e9dico<\/td>\n<\/tr>\n<tr>\n<td rowspan=\"2\">Material<\/td>\n<td>Punta: Espuma de poliuretano<\/td>\n<\/tr>\n<tr>\n<td>Eje: Polipropileno (PP)<\/td>\n<\/tr>\n<tr>\n<td>Punto de rotura<\/td>\n<td>80 mm o 40 mm desde la punta<\/td>\n<\/tr>\n<tr>\n<td>Certificaci\u00f3n<\/td>\n<td>CE0197,FDA, GOST-R,NMPA, ISO13485<\/td>\n<\/tr>\n<tr>\n<td>Esterilizaci\u00f3n<\/td>\n<td>EOS<\/td>\n<\/tr>\n<tr>\n<td>Tiempo de vida \u00fatil<\/td>\n<td>5 a\u00f1os<\/td>\n<\/tr>\n<tr>\n<td rowspan=\"4\">Medidas<\/td>\n<td>Longitud total (L): 150+\/-10 mm<\/td>\n<\/tr>\n<tr>\n<td>Longitud de la punta (L1): 15+\/-3 mm<br \/>\nDi\u00e1metro de la punta (D1): 4+\/-1 mm<\/td>\n<\/tr>\n<tr>\n<td>Di\u00e1metro del eje (D3): 2,5+\/-0,25 mm<\/td>\n<\/tr>\n<tr>\n<td>Punto de rotura (L2): 40+\/-5 mm u 80+\/-5 mm<\/td>\n<\/tr>\n<tr>\n<td>C\u00f3digo SA<\/td>\n<td>300590<\/td>\n<\/tr>\n<\/tbody>\n<\/table>","protected":false},"featured_media":2932,"parent":0,"template":"","meta":{"_acf_changed":false,"_gspb_post_css":"","_kad_blocks_custom_css":"","_kad_blocks_head_custom_js":"","_kad_blocks_body_custom_js":"","_kad_blocks_footer_custom_js":"","_kad_post_transparent":"","_kad_post_title":"","_kad_post_layout":"","_kad_post_sidebar_id":"","_kad_post_content_style":"","_kad_post_vertical_padding":"","_kad_post_feature":"","_kad_post_feature_position":"","_kad_post_header":false,"_kad_post_footer":false,"_kad_post_classname":""},"product-category":[50],"product-tag":[71,73,72,69,70],"products-by-department":[63],"class_list":["post-3048","product","type-product","status-publish","has-post-thumbnail","hentry","product-category-disposable-sampling-swab","product-tag-cleaning","product-tag-exceptional-particle-entrapment","product-tag-free-of-adhesives-and-binders","product-tag-polyurethane-foam-tip","product-tag-sample-collection-and-diagnostics","products-by-department-multiple-application"],"acf":[],"taxonomy_info":{"product-category":[{"value":50,"label":"Disposable Sampling Swab"}],"product-tag":[{"value":71,"label":"Cleaning"},{"value":73,"label":"Exceptional particle entrapment"},{"value":72,"label":"Free of Adhesives and Binders"},{"value":69,"label":"Polyurethane Foam Tip"},{"value":70,"label":"Sample Collection and Diagnostics"}],"products-by-department":[{"value":63,"label":"Multiple Application"}]},"featured_image_src_large":["https:\/\/hanheng-medical.com\/wp-content\/uploads\/2025\/04\/Polyurethane-Foam-SwabNasal-Specimen-CollectionEquipement-and-Electronic-Devices-Cleaning-G-014-1.jpg",800,800,false],"author_info":[],"comment_info":"","_links":{"self":[{"href":"https:\/\/hanheng-medical.com\/es\/wp-json\/wp\/v2\/product\/3048","targetHints":{"allow":["GET"]}}],"collection":[{"href":"https:\/\/hanheng-medical.com\/es\/wp-json\/wp\/v2\/product"}],"about":[{"href":"https:\/\/hanheng-medical.com\/es\/wp-json\/wp\/v2\/types\/product"}],"wp:featuredmedia":[{"embeddable":true,"href":"https:\/\/hanheng-medical.com\/es\/wp-json\/wp\/v2\/media\/2932"}],"wp:attachment":[{"href":"https:\/\/hanheng-medical.com\/es\/wp-json\/wp\/v2\/media?parent=3048"}],"wp:term":[{"taxonomy":"product-category","embeddable":true,"href":"https:\/\/hanheng-medical.com\/es\/wp-json\/wp\/v2\/product-category?post=3048"},{"taxonomy":"product-tag","embeddable":true,"href":"https:\/\/hanheng-medical.com\/es\/wp-json\/wp\/v2\/product-tag?post=3048"},{"taxonomy":"products-by-department","embeddable":true,"href":"https:\/\/hanheng-medical.com\/es\/wp-json\/wp\/v2\/products-by-department?post=3048"}],"curies":[{"name":"wp","href":"https:\/\/api.w.org\/{rel}","templated":true}]}}