{"id":3034,"date":"2025-04-07T06:19:54","date_gmt":"2025-04-07T06:19:54","guid":{"rendered":"https:\/\/hanheng.easiwin.com\/product\/nylon-flocked-endocervical-swab-hpv-dna-tests-for-cervical-cancer-screening-a-10\/"},"modified":"2025-04-07T06:19:54","modified_gmt":"2025-04-07T06:19:54","slug":"nylon-flocked-endocervical-swab-hpv-dna-tests-for-cervical-cancer-screening-a-10","status":"publish","type":"product","link":"https:\/\/hanheng-medical.com\/es\/product\/nylon-flocked-endocervical-swab-hpv-dna-tests-for-cervical-cancer-screening-a-10\/","title":{"rendered":"Hisopo endocervical flocado de nailon \/ Pruebas de ADN del VPH para la detecci\u00f3n del c\u00e1ncer de cuello uterino A-10"},"content":{"rendered":"<h2>Caracter\u00edsticas principales<\/h2>\n<ol>\n<li>Recogida de muestras superior: El hisopo floculado no tiene n\u00facleo interno para atrapar la muestra, lo que permite una r\u00e1pida absorci\u00f3n y garantiza una eluci\u00f3n r\u00e1pida y completa de la muestra.<\/li>\n<li>Dise\u00f1o para m\u00faltiples sitios de recogida: Las diversas dimensiones del v\u00e1stago y la punta hacen que el hisopo floculado sea una alternativa mejorada al procedimiento de recogida invasivo y costoso.<\/li>\n<li>El socio perfecto: El hisopo floculado puede combinarse con diferentes medios de transporte bacteriol\u00f3gicos y virol\u00f3gicos, lo que ampl\u00eda la compatibilidad con innumerables ensayos posteriores.<\/li>\n<li>Esterilizaci\u00f3n y vida \u00fatil: Esterilizado con ETO con una vida \u00fatil de 5 a\u00f1os.<\/li>\n<li>Uso seguro y conveniente: Envuelto individualmente, de un solo uso y sin l\u00e1tex para una m\u00e1xima higiene y seguridad del paciente.<\/li>\n<\/ol>\n<table>\n<tbody>\n<tr>\n<td >\n<p>Nombre del producto<\/p>\n<\/td>\n<td >\n<p>Hisopo de muestreo desechable<\/p>\n<\/td>\n<\/tr>\n<tr>\n<td >\n<p>N\u00famero de art\u00edculo<\/p>\n<\/td>\n<td >\n<p>A-10<\/p>\n<\/td>\n<\/tr>\n<tr>\n<td >\n<p>Com\u00fanmente utilizado para<\/p>\n<\/td>\n<td >\n<p>&nbsp;Hisopo vaginal \/ITS\/VPH<\/p>\n<\/td>\n<\/tr>\n<tr>\n<td rowspan=\"2\" >\n<p>Material<\/p>\n<\/td>\n<td >\n<p>Punta:&nbsp;Hilo de flocado de nailon<\/p>\n<\/td>\n<\/tr>\n<tr>\n<td >\n<p>V\u00e1stago:&nbsp;Acrilonitrilo butadieno estireno (ABS)<\/p>\n<\/td>\n<\/tr>\n<tr>\n<td >\n<p>Punto de rotura<\/p>\n<\/td>\n<td >\n<p>40 mm desde la punta<\/p>\n<\/td>\n<\/tr>\n<tr>\n<td >\n<p>Certificaci\u00f3n<\/p>\n<\/td>\n<td >\n<p>CE0197,FDA, GOST-R,&nbsp;NMPA, ISO13485<\/p>\n<\/td>\n<\/tr>\n<tr>\n<td >\n<p>Esterilizaci\u00f3n<\/p>\n<\/td>\n<td >\n<p>EOS<\/p>\n<\/td>\n<\/tr>\n<tr>\n<td >\n<p>Tiempo de vida \u00fatil<\/p>\n<\/td>\n<td >\n<p>5 a\u00f1os<\/p>\n<\/td>\n<\/tr>\n<tr>\n<td rowspan=\"5\" >\n<p>Medidas<\/p>\n<\/td>\n<td >\n<p>Longitud total (L): 170+\/-10mm<\/p>\n<\/td>\n<\/tr>\n<tr>\n<td >\n<p>Longitud de la punta (L1): 20+\/-3 mm<\/p>\n<p>Di\u00e1metro de la punta (D1): 5.0+\/-1.5mm<\/p>\n<\/td>\n<\/tr>\n<tr>\n<td >\n<p>Di\u00e1metro del eje (D2): 2,5+\/-0,5 mm<\/p>\n<\/td>\n<\/tr>\n<tr>\n<td >\n<p>Di\u00e1metro del v\u00e1stago (D3): 3.0+\/-0.3mm<\/p>\n<\/td>\n<\/tr>\n<tr>\n<td >\n<p>Punto de rotura (L2): 40+\/-5 mm<\/p>\n<\/td>\n<\/tr>\n<tr>\n<td >\n<p>C\u00f3digo SA<\/p>\n<\/td>\n<td >\n<p>300590<\/p>\n<\/td>\n<\/tr>\n<\/tbody>\n<\/table>","protected":false},"featured_media":2979,"parent":0,"template":"","meta":{"_acf_changed":false,"_gspb_post_css":"","_kad_blocks_custom_css":"","_kad_blocks_head_custom_js":"","_kad_blocks_body_custom_js":"","_kad_blocks_footer_custom_js":"","_kad_post_transparent":"","_kad_post_title":"","_kad_post_layout":"","_kad_post_sidebar_id":"","_kad_post_content_style":"","_kad_post_vertical_padding":"","_kad_post_feature":"","_kad_post_feature_position":"","_kad_post_header":false,"_kad_post_footer":false,"_kad_post_classname":""},"product-category":[50],"product-tag":[51,45,61],"products-by-department":[33],"class_list":["post-3034","product","type-product","status-publish","has-post-thumbnail","hentry","product-category-disposable-sampling-swab","product-tag-flocked-tip","product-tag-molded-breakpoint","product-tag-sti-hpv-application","products-by-department-gynecology"],"acf":[],"taxonomy_info":{"product-category":[{"value":50,"label":"Disposable Sampling Swab"}],"product-tag":[{"value":51,"label":"Flocked tip"},{"value":45,"label":"Molded Breakpoint"},{"value":61,"label":"STI-HPV Application"}],"products-by-department":[{"value":33,"label":"Gynecology"}]},"featured_image_src_large":["https:\/\/hanheng-medical.com\/wp-content\/uploads\/2025\/04\/Nylon-Flocked-Endocervical-Swab-HPV-DNA-tests-for-cervical-cancer-screening-A-10-2.jpg",800,800,false],"author_info":[],"comment_info":"","_links":{"self":[{"href":"https:\/\/hanheng-medical.com\/es\/wp-json\/wp\/v2\/product\/3034","targetHints":{"allow":["GET"]}}],"collection":[{"href":"https:\/\/hanheng-medical.com\/es\/wp-json\/wp\/v2\/product"}],"about":[{"href":"https:\/\/hanheng-medical.com\/es\/wp-json\/wp\/v2\/types\/product"}],"wp:featuredmedia":[{"embeddable":true,"href":"https:\/\/hanheng-medical.com\/es\/wp-json\/wp\/v2\/media\/2979"}],"wp:attachment":[{"href":"https:\/\/hanheng-medical.com\/es\/wp-json\/wp\/v2\/media?parent=3034"}],"wp:term":[{"taxonomy":"product-category","embeddable":true,"href":"https:\/\/hanheng-medical.com\/es\/wp-json\/wp\/v2\/product-category?post=3034"},{"taxonomy":"product-tag","embeddable":true,"href":"https:\/\/hanheng-medical.com\/es\/wp-json\/wp\/v2\/product-tag?post=3034"},{"taxonomy":"products-by-department","embeddable":true,"href":"https:\/\/hanheng-medical.com\/es\/wp-json\/wp\/v2\/products-by-department?post=3034"}],"curies":[{"name":"wp","href":"https:\/\/api.w.org\/{rel}","templated":true}]}}