{"id":3031,"date":"2025-04-07T06:19:54","date_gmt":"2025-04-07T06:19:54","guid":{"rendered":"https:\/\/hanheng.easiwin.com\/product\/nylon-flocked-fecalswab-stool-sample-collection-a-06\/"},"modified":"2025-04-07T06:19:54","modified_gmt":"2025-04-07T06:19:54","slug":"nylon-flocked-fecalswab-stool-sample-collection-a-06","status":"publish","type":"product","link":"https:\/\/hanheng-medical.com\/es\/product\/nylon-flocked-fecalswab-stool-sample-collection-a-06\/","title":{"rendered":"Hisopo fecal con flocado de nailon\/Recolecci\u00f3n de muestras de heces A-06"},"content":{"rendered":"<h2>Caracter\u00edsticas principales<\/h2>\n<ol>\n<li>Recogida de muestras superior: El hisopo floculado no tiene n\u00facleo interno para atrapar la muestra, lo que permite una r\u00e1pida absorci\u00f3n y garantiza una eluci\u00f3n r\u00e1pida y completa de la muestra.<\/li>\n<li>Dise\u00f1o para m\u00faltiples sitios de recogida: Las diversas dimensiones del v\u00e1stago y la punta hacen que el hisopo floculado sea una alternativa mejorada al procedimiento de recogida invasivo y costoso.<\/li>\n<li>El socio perfecto: El hisopo floculado puede combinarse con diferentes medios de transporte bacteriol\u00f3gicos y virol\u00f3gicos, lo que ampl\u00eda la compatibilidad con innumerables ensayos posteriores.<\/li>\n<li>Esterilizaci\u00f3n y vida \u00fatil: Esterilizado con ETO con una vida \u00fatil de 5 a\u00f1os.<\/li>\n<li>Uso seguro y conveniente: Envuelto individualmente, de un solo uso y sin l\u00e1tex para una m\u00e1xima higiene y seguridad del paciente.<\/li>\n<\/ol>\n<table>\n<tbody>\n<tr>\n<td >\nNombre del producto\n<\/td>\n<td >\nHisopo de muestreo desechable\n<\/td>\n<\/tr>\n<tr>\n<td >\nN\u00famero de art\u00edculo\n<\/td>\n<td >\nA-06\n<\/td>\n<\/tr>\n<tr>\n<td >\nCom\u00fanmente utilizado para\n<\/td>\n<td >\nRecolecci\u00f3n de muestras de heces\n<\/td>\n<\/tr>\n<tr>\n<td rowspan=\"2\" >\nMaterial\n<\/td>\n<td >\nPunta: Flocado de nailon\n<\/td>\n<\/tr>\n<tr>\n<td >\nMango: Acrilonitrilo Butadieno Estireno (ABS)\n<\/td>\n<\/tr>\n<tr>\n<td >\nPunto de rotura\n<\/td>\n<td >\nNA\n<\/td>\n<\/tr>\n<tr>\n<td >\nCertificaci\u00f3n\n<\/td>\n<td >\nCE0197,FDA, GOST-R,NMPA, ISO13485\n<\/td>\n<\/tr>\n<tr>\n<td >\nEsterilizaci\u00f3n\n<\/td>\n<td >\nEOS\n<\/td>\n<\/tr>\n<tr>\n<td >\nTiempo de vida \u00fatil\n<\/td>\n<td >\n5 a\u00f1os\n<\/td>\n<\/tr>\n<tr>\n<td rowspan=\"4\" >\nMedidas\n<\/td>\n<td >\nLongitud total (L): 100+\/-10mm\n<\/td>\n<\/tr>\n<tr>\n<td >\nLongitud de la punta (L1): 13+\/-3mm<br \/>\nDi\u00e1metro de la punta (D1): 7+\/-1.5mm\n<\/td>\n<\/tr>\n<tr>\n<td >\nDi\u00e1metro del v\u00e1stago (D2): 2.3+\/-0.5mm\n<\/td>\n<\/tr>\n<tr>\n<td >\nDi\u00e1metro del v\u00e1stago (D3): 3.3+\/-0.3mm\n<\/td>\n<\/tr>\n<tr>\n<td >\nC\u00f3digo SA\n<\/td>\n<td >\n300590\n<\/td>\n<\/tr>\n<\/tbody>\n<\/table>","protected":false},"featured_media":2986,"parent":0,"template":"","meta":{"_acf_changed":false,"_gspb_post_css":"","_kad_blocks_custom_css":"","_kad_blocks_head_custom_js":"","_kad_blocks_body_custom_js":"","_kad_blocks_footer_custom_js":"","_kad_post_transparent":"","_kad_post_title":"","_kad_post_layout":"","_kad_post_sidebar_id":"","_kad_post_content_style":"","_kad_post_vertical_padding":"","_kad_post_feature":"","_kad_post_feature_position":"","_kad_post_header":false,"_kad_post_footer":false,"_kad_post_classname":""},"product-category":[50],"product-tag":[51,59],"products-by-department":[60],"class_list":["post-3031","product","type-product","status-publish","has-post-thumbnail","hentry","product-category-disposable-sampling-swab","product-tag-flocked-tip","product-tag-stool-specimen-collection","products-by-department-gastroenterology"],"acf":[],"taxonomy_info":{"product-category":[{"value":50,"label":"Disposable Sampling Swab"}],"product-tag":[{"value":51,"label":"Flocked tip"},{"value":59,"label":"Stool Specimen Collection"}],"products-by-department":[{"value":60,"label":"Gastroenterology"}]},"featured_image_src_large":["https:\/\/hanheng-medical.com\/wp-content\/uploads\/2025\/04\/Nylon-Flocked-FecalSwabStool-Sample-Collection-A-06-2.jpg",800,800,false],"author_info":[],"comment_info":"","_links":{"self":[{"href":"https:\/\/hanheng-medical.com\/es\/wp-json\/wp\/v2\/product\/3031","targetHints":{"allow":["GET"]}}],"collection":[{"href":"https:\/\/hanheng-medical.com\/es\/wp-json\/wp\/v2\/product"}],"about":[{"href":"https:\/\/hanheng-medical.com\/es\/wp-json\/wp\/v2\/types\/product"}],"wp:featuredmedia":[{"embeddable":true,"href":"https:\/\/hanheng-medical.com\/es\/wp-json\/wp\/v2\/media\/2986"}],"wp:attachment":[{"href":"https:\/\/hanheng-medical.com\/es\/wp-json\/wp\/v2\/media?parent=3031"}],"wp:term":[{"taxonomy":"product-category","embeddable":true,"href":"https:\/\/hanheng-medical.com\/es\/wp-json\/wp\/v2\/product-category?post=3031"},{"taxonomy":"product-tag","embeddable":true,"href":"https:\/\/hanheng-medical.com\/es\/wp-json\/wp\/v2\/product-tag?post=3031"},{"taxonomy":"products-by-department","embeddable":true,"href":"https:\/\/hanheng-medical.com\/es\/wp-json\/wp\/v2\/products-by-department?post=3031"}],"curies":[{"name":"wp","href":"https:\/\/api.w.org\/{rel}","templated":true}]}}