{"id":3026,"date":"2025-04-07T06:19:54","date_gmt":"2025-04-07T06:19:54","guid":{"rendered":"https:\/\/hanheng.easiwin.com\/product\/nylon-flocked-swab-oropharyngeal-op-throat-specimen-collection-various-sampling-site-a-01\/"},"modified":"2025-04-07T06:19:54","modified_gmt":"2025-04-07T06:19:54","slug":"nylon-flocked-swab-oropharyngeal-op-throat-specimen-collection-various-sampling-site-a-01","status":"publish","type":"product","link":"https:\/\/hanheng-medical.com\/es\/product\/nylon-flocked-swab-oropharyngeal-op-throat-specimen-collection-various-sampling-site-a-01\/","title":{"rendered":"Hisopo flocado de nailon\/Recolecci\u00f3n de muestras orofar\u00edngeas (OP) (garganta)\/Varios sitios de muestreo A-01"},"content":{"rendered":"<h2>Caracter\u00edsticas principales<\/h2>\n<ol>\n<li>Recogida de muestras superior: El hisopo floculado no tiene n\u00facleo interno para atrapar la muestra, lo que permite una r\u00e1pida absorci\u00f3n y garantiza una eluci\u00f3n r\u00e1pida y completa de la muestra.<\/li>\n<li>Dise\u00f1o para m\u00faltiples sitios de recogida: Las diversas dimensiones del v\u00e1stago y la punta hacen que el hisopo floculado sea una alternativa mejorada al procedimiento de recogida invasivo y costoso.<\/li>\n<li>El socio perfecto: El hisopo floculado puede combinarse con diferentes medios de transporte bacteriol\u00f3gicos y virol\u00f3gicos, lo que ampl\u00eda la compatibilidad con innumerables ensayos posteriores.<\/li>\n<li>Esterilizaci\u00f3n y vida \u00fatil: Esterilizado con ETO con una vida \u00fatil de 5 a\u00f1os.<\/li>\n<li>Uso seguro y conveniente: Envuelto individualmente, de un solo uso y sin l\u00e1tex para una m\u00e1xima higiene y seguridad del paciente.<\/li>\n<\/ol>\n<table >\n<tbody>\n<tr>\n<td >Nombre del producto<\/td>\n<td >Hisopo de muestreo desechable<\/td>\n<\/tr>\n<tr>\n<td >N\u00famero de art\u00edculo<\/td>\n<td >A-01<\/td>\n<\/tr>\n<tr>\n<td rowspan=\"3\" >Com\u00fanmente utilizado para<\/td>\n<td >Sitio de recogida:<\/td>\n<\/tr>\n<tr>\n<td >Orofaringe (garganta), vaginal, ingle, axila, rectal, herida, bucal, heces;<\/td>\n<\/tr>\n<tr>\n<td >Covid 19\/Gripe A&amp;B\/PCR<\/td>\n<\/tr>\n<tr>\n<td rowspan=\"2\" >Material<\/td>\n<td >Punta: Flocado de nailon<\/td>\n<\/tr>\n<tr>\n<td >V\u00e1stago: Acrilonitrilo butadieno estireno (ABS)<\/td>\n<\/tr>\n<tr>\n<td >Punto de rotura<\/td>\n<td >30 mm o 75 mm desde la punta<\/td>\n<\/tr>\n<tr>\n<td >Certificaci\u00f3n<\/td>\n<td >CE0197,FDA, GOST-R,NMPA, ISO13485<\/td>\n<\/tr>\n<tr>\n<td >Esterilizaci\u00f3n<\/td>\n<td >EOS<\/td>\n<\/tr>\n<tr>\n<td >Tiempo de vida \u00fatil<\/td>\n<td >5 a\u00f1os<\/td>\n<\/tr>\n<tr>\n<td rowspan=\"7\" >Medidas<\/td>\n<td >Longitud total (L): 152+\/-10 mm<\/td>\n<\/tr>\n<tr>\n<td >Longitud de la punta (L1): 23+\/-3 mm<\/td>\n<\/tr>\n<tr>\n<td >Di\u00e1metro de la punta (D1): 6+\/-1,5 mm<\/td>\n<\/tr>\n<tr>\n<td >Di\u00e1metro del v\u00e1stago (D2): 2+\/-0,5 mm<\/td>\n<\/tr>\n<tr>\n<td >Di\u00e1metro del eje (D3): 2,5+\/-0,25 mm<\/td>\n<\/tr>\n<tr>\n<td >Punto de rotura (L2): 30+\/-5 mm<\/td>\n<\/tr>\n<tr>\n<td >Punto de rotura (L3): 75+\/-5 mm<\/td>\n<\/tr>\n<tr>\n<td >C\u00f3digo SA<\/td>\n<td >300590<\/td>\n<\/tr>\n<\/tbody>\n<\/table>","protected":false},"featured_media":2914,"parent":0,"template":"","meta":{"_acf_changed":false,"_gspb_post_css":"","_kad_blocks_custom_css":"","_kad_blocks_head_custom_js":"","_kad_blocks_body_custom_js":"","_kad_blocks_footer_custom_js":"","_kad_post_transparent":"","_kad_post_title":"","_kad_post_layout":"","_kad_post_sidebar_id":"","_kad_post_content_style":"","_kad_post_vertical_padding":"","_kad_post_feature":"","_kad_post_feature_position":"","_kad_post_header":false,"_kad_post_footer":false,"_kad_post_classname":""},"product-category":[50],"product-tag":[51,45,52],"products-by-department":[53],"class_list":["post-3026","product","type-product","status-publish","has-post-thumbnail","hentry","product-category-disposable-sampling-swab","product-tag-flocked-tip","product-tag-molded-breakpoint","product-tag-respiratory-specimen-collection","products-by-department-respiratory"],"acf":[],"taxonomy_info":{"product-category":[{"value":50,"label":"Disposable Sampling Swab"}],"product-tag":[{"value":51,"label":"Flocked tip"},{"value":45,"label":"Molded Breakpoint"},{"value":52,"label":"Respiratory Specimen Collection"}],"products-by-department":[{"value":53,"label":"Respiratory"}]},"featured_image_src_large":["https:\/\/hanheng-medical.com\/wp-content\/uploads\/2025\/04\/Nylon-Flocked-SwabOropharyngeal-OP-throat-Specimen-CollectionVarious-Sampling-Site-A-01-02.jpg",800,800,false],"author_info":[],"comment_info":"","_links":{"self":[{"href":"https:\/\/hanheng-medical.com\/es\/wp-json\/wp\/v2\/product\/3026","targetHints":{"allow":["GET"]}}],"collection":[{"href":"https:\/\/hanheng-medical.com\/es\/wp-json\/wp\/v2\/product"}],"about":[{"href":"https:\/\/hanheng-medical.com\/es\/wp-json\/wp\/v2\/types\/product"}],"wp:featuredmedia":[{"embeddable":true,"href":"https:\/\/hanheng-medical.com\/es\/wp-json\/wp\/v2\/media\/2914"}],"wp:attachment":[{"href":"https:\/\/hanheng-medical.com\/es\/wp-json\/wp\/v2\/media?parent=3026"}],"wp:term":[{"taxonomy":"product-category","embeddable":true,"href":"https:\/\/hanheng-medical.com\/es\/wp-json\/wp\/v2\/product-category?post=3026"},{"taxonomy":"product-tag","embeddable":true,"href":"https:\/\/hanheng-medical.com\/es\/wp-json\/wp\/v2\/product-tag?post=3026"},{"taxonomy":"products-by-department","embeddable":true,"href":"https:\/\/hanheng-medical.com\/es\/wp-json\/wp\/v2\/products-by-department?post=3026"}],"curies":[{"name":"wp","href":"https:\/\/api.w.org\/{rel}","templated":true}]}}