{"id":2488,"date":"2025-03-21T01:36:09","date_gmt":"2025-03-21T01:36:09","guid":{"rendered":"https:\/\/hanheng.easiwin.com\/product\/cytological-brush-pap-smear-chlamydia-hpv-screening-ayre-spatula-8101a30\/"},"modified":"2025-05-09T07:44:45","modified_gmt":"2025-05-09T07:44:45","slug":"cytological-brush-pap-smear-chlamydia-hpv-screening-ayre-spatula-8101a30","status":"publish","type":"product","link":"https:\/\/hanheng-medical.com\/es\/product\/cytological-brush-pap-smear-chlamydia-hpv-screening-ayre-spatula-8101a30\/","title":{"rendered":"Cepillo citol\u00f3gico\/frotis de Papanicolaou\/clamidia\/detecci\u00f3n de VPH\/esp\u00e1tula de Ayre 8101A30"},"content":{"rendered":"<h2>Caracter\u00edsticas principales<\/h2>\n<ol>\n<li>Recolecci\u00f3n de muestras fiable: Garantiza la recolecci\u00f3n de material citol\u00f3gico suficiente del cuello uterino, incluida la zona de transici\u00f3n, para un diagn\u00f3stico preciso.<\/li>\n<li>Inserci\u00f3n sencilla: La forma c\u00f3nica permite una inserci\u00f3n suave y sin esfuerzo, incluso en casos de cuello uterino esten\u00f3tico.<\/li>\n<li>Indoloro y c\u00f3modo: Las cerdas de nailon suave proporcionan una experiencia suave e indolora para los pacientes.<\/li>\n<li>Esterilizaci\u00f3n y vida \u00fatil: Disponible como esterilizado con ETO con una vida \u00fatil de 5 a\u00f1os o en una opci\u00f3n no est\u00e9ril.<\/li>\n<li>Embalaje flexible y uso: Envuelto individualmente o disponible a granel, dise\u00f1ado para un solo uso.<\/li>\n<li>Seguro e hipoalerg\u00e9nico: Sin l\u00e1tex, lo que minimiza el riesgo de reacciones al\u00e9rgicas.<\/li>\n<\/ol>\n<table>\n<tbody>\n<tr>\n<td>Nombre del producto<\/td>\n<td>Cepillo de muestreo desechable<\/td>\n<\/tr>\n<tr>\n<td>N\u00famero de art\u00edculo<\/td>\n<td>8101A30<\/td>\n<\/tr>\n<tr>\n<td rowspan=\"3\">Material<\/td>\n<td>Cabezal de muestreo: Hilo de nailon, SUS 304<\/td>\n<\/tr>\n<tr>\n<td>Mango de muestreo: Polipropileno<\/td>\n<\/tr>\n<tr>\n<td>Punta de bulbo protectora: NA<\/td>\n<\/tr>\n<tr>\n<td>Certificaci\u00f3n<\/td>\n<td>CE0197,FDA, GOST-R,NMPA, ISO13485<\/td>\n<\/tr>\n<tr>\n<td>Esterilizaci\u00f3n<\/td>\n<td>EOS<\/td>\n<\/tr>\n<tr>\n<td>Tiempo de vida \u00fatil<\/td>\n<td>5 a\u00f1os<\/td>\n<\/tr>\n<tr>\n<td rowspan=\"4\">Medidas<\/td>\n<td>Longitud total (L): 200+\/-10 mm<\/td>\n<\/tr>\n<tr>\n<td>Longitud del cabezal (L1): 22+\/-5 mm<\/td>\n<\/tr>\n<tr>\n<td>Di\u00e1metro del cabezal del cepillo (D1): 7+\/-2 mm;<\/td>\n<\/tr>\n<tr>\n<td>Di\u00e1metro del cabezal de la esp\u00e1tula (D2): 16+\/-3 mm;<\/td>\n<\/tr>\n<tr>\n<td>C\u00f3digo SA<\/td>\n<td>901890<\/td>\n<\/tr>\n<\/tbody>\n<\/table>","protected":false},"featured_media":2453,"parent":0,"template":"","meta":{"_acf_changed":false,"_gspb_post_css":"","_kad_blocks_custom_css":"","_kad_blocks_head_custom_js":"","_kad_blocks_body_custom_js":"","_kad_blocks_footer_custom_js":"","_kad_post_transparent":"","_kad_post_title":"","_kad_post_layout":"","_kad_post_sidebar_id":"","_kad_post_content_style":"","_kad_post_vertical_padding":"","_kad_post_feature":"","_kad_post_feature_position":"","_kad_post_header":false,"_kad_post_footer":false,"_kad_post_classname":""},"product-category":[39],"product-tag":[40,41,44],"products-by-department":[33],"class_list":["post-2488","product","type-product","status-publish","has-post-thumbnail","hentry","product-category-disposable-sampling-brush","product-tag-cytology","product-tag-pap-smear","product-tag-spatula","products-by-department-gynecology"],"acf":[],"taxonomy_info":{"product-category":[{"value":39,"label":"Disposable Sampling Brush"}],"product-tag":[{"value":40,"label":"Cytology"},{"value":41,"label":"Pap Smear"},{"value":44,"label":"Spatula"}],"products-by-department":[{"value":33,"label":"Gynecology"}]},"featured_image_src_large":["https:\/\/hanheng-medical.com\/wp-content\/uploads\/2025\/03\/Cytological-brushPap-SmearchlamydiaHPV-ScreeningAyre-Spatula-8101A30-2.jpg",800,800,false],"author_info":[],"comment_info":"","_links":{"self":[{"href":"https:\/\/hanheng-medical.com\/es\/wp-json\/wp\/v2\/product\/2488","targetHints":{"allow":["GET"]}}],"collection":[{"href":"https:\/\/hanheng-medical.com\/es\/wp-json\/wp\/v2\/product"}],"about":[{"href":"https:\/\/hanheng-medical.com\/es\/wp-json\/wp\/v2\/types\/product"}],"wp:featuredmedia":[{"embeddable":true,"href":"https:\/\/hanheng-medical.com\/es\/wp-json\/wp\/v2\/media\/2453"}],"wp:attachment":[{"href":"https:\/\/hanheng-medical.com\/es\/wp-json\/wp\/v2\/media?parent=2488"}],"wp:term":[{"taxonomy":"product-category","embeddable":true,"href":"https:\/\/hanheng-medical.com\/es\/wp-json\/wp\/v2\/product-category?post=2488"},{"taxonomy":"product-tag","embeddable":true,"href":"https:\/\/hanheng-medical.com\/es\/wp-json\/wp\/v2\/product-tag?post=2488"},{"taxonomy":"products-by-department","embeddable":true,"href":"https:\/\/hanheng-medical.com\/es\/wp-json\/wp\/v2\/products-by-department?post=2488"}],"curies":[{"name":"wp","href":"https:\/\/api.w.org\/{rel}","templated":true}]}}