{"id":2277,"date":"2025-03-19T06:18:01","date_gmt":"2025-03-19T06:18:01","guid":{"rendered":"https:\/\/hanheng.easiwin.com\/product\/vagianl-swab-bacterial-vaginosis-yeast-infections-sexually-transmitted-infections-8319\/"},"modified":"2025-05-13T01:03:24","modified_gmt":"2025-05-13T01:03:24","slug":"vagianl-swab-bacterial-vaginosis-yeast-infections-sexually-transmitted-infections-8319","status":"publish","type":"product","link":"https:\/\/hanheng-medical.com\/es\/product\/vagianl-swab-bacterial-vaginosis-yeast-infections-sexually-transmitted-infections-8319\/","title":{"rendered":"Hisopo vaginal\/vaginosis bacteriana\/infecciones por hongos\/infecciones de transmisi\u00f3n sexual 8319"},"content":{"rendered":"<h2>Caracter\u00edsticas principales<\/h2>\n<ul>\n<li>Alta recolecci\u00f3n de c\u00e9lulas y eluci\u00f3n r\u00e1pida: La punta del hisopo flocada est\u00e1 dise\u00f1ada para una recolecci\u00f3n eficiente de c\u00e9lulas y garantiza la liberaci\u00f3n inmediata de muestras en el medio de transporte.<\/li>\n<li>Sin n\u00facleo interno de colch\u00f3n: Evita la dispersi\u00f3n y el atrapamiento de la muestra, preservando la m\u00e1xima integridad de la muestra.<\/li>\n<li>Esterilizaci\u00f3n y vida \u00fatil: Esterilizado con ETO con una vida \u00fatil de 5 a\u00f1os.<\/li>\n<li>Embalaje y uso: Envuelto individualmente y de un solo uso para una higiene y seguridad \u00f3ptimas.<\/li>\n<\/ul>\n<table>\n<tbody>\n<tr>\n<td>\n<p>Nombre del producto<\/p>\n<\/td>\n<td>\n<p>Muestreador cervical desechable<\/p>\n<\/td>\n<\/tr>\n<tr>\n<td>\n<p>N\u00famero de art\u00edculo<\/p>\n<\/td>\n<td>\n<p>8319<\/p>\n<\/td>\n<\/tr>\n<tr>\n<td rowspan=\"2\">\n<p>Material<\/p>\n<\/td>\n<td>\n<p>Punta: Nailon<\/p>\n<\/td>\n<\/tr>\n<tr>\n<td>\n<p>Eje: Polipropileno<\/p>\n<\/td>\n<\/tr>\n<tr>\n<td>\n<p>Certificaci\u00f3n<\/p>\n<\/td>\n<td>\n<p>CE0197,FDA, GOST-R,NMPA, ISO13485<\/p>\n<\/td>\n<\/tr>\n<tr>\n<td>\n<p>Esterilizaci\u00f3n<\/p>\n<\/td>\n<td>\n<p>EOS<\/p>\n<\/td>\n<\/tr>\n<tr>\n<td>\n<p>Tiempo de vida \u00fatil<\/p>\n<\/td>\n<td>\n<p>5 a\u00f1os<\/p>\n<\/td>\n<\/tr>\n<tr>\n<td rowspan=\"3\">\n<p>Medidas<\/p>\n<\/td>\n<td>\n<p>Longitud total (L): 180+\/-10 mm<\/p>\n<\/td>\n<\/tr>\n<tr>\n<td>\n<p>Di\u00e1metro de la punta (D1): 20+\/-3 mm<\/p>\n<\/td>\n<\/tr>\n<tr>\n<td>\n<p>Di\u00e1metro del eje (D2): 6+\/-1 mm;<\/p>\n<\/td>\n<\/tr>\n<tr>\n<td>\n<p>C\u00f3digo SA<\/p>\n<\/td>\n<td>\n<p>901890<\/p>\n<\/td>\n<\/tr>\n<\/tbody>\n<\/table>\n\n\n<figure class=\"wp-block-image size-full\"><img loading=\"lazy\" decoding=\"async\" width=\"889\" height=\"201\" src=\"https:\/\/hanheng-medical.com\/wp-content\/uploads\/2025\/03\/8319.jpg\" alt=\"\" class=\"wp-image-2326\" title=\"\" srcset=\"https:\/\/hanheng-medical.com\/wp-content\/uploads\/2025\/03\/8319.jpg 889w, https:\/\/hanheng-medical.com\/wp-content\/uploads\/2025\/03\/8319-300x68.jpg 300w, https:\/\/hanheng-medical.com\/wp-content\/uploads\/2025\/03\/8319-768x174.jpg 768w\" sizes=\"auto, (max-width: 889px) 100vw, 889px\" \/><\/figure>","protected":false},"featured_media":2232,"parent":0,"template":"","meta":{"_acf_changed":true,"_gspb_post_css":"","_kad_blocks_custom_css":"","_kad_blocks_head_custom_js":"","_kad_blocks_body_custom_js":"","_kad_blocks_footer_custom_js":"","_kad_post_transparent":"","_kad_post_title":"","_kad_post_layout":"","_kad_post_sidebar_id":"","_kad_post_content_style":"","_kad_post_vertical_padding":"","_kad_post_feature":"","_kad_post_feature_position":"","_kad_post_header":false,"_kad_post_footer":false,"_kad_post_classname":""},"product-category":[28],"product-tag":[29,38,36,37],"products-by-department":[33],"class_list":["post-2277","product","type-product","status-publish","has-post-thumbnail","hentry","product-category-disposable-cervical-sampler","product-tag-gynaecological-examinations","product-tag-nylon-flocking-tip","product-tag-reproductive-health","product-tag-sti-test","products-by-department-gynecology"],"acf":[],"taxonomy_info":{"product-category":[{"value":28,"label":"Disposable Cervical Sampler"}],"product-tag":[{"value":29,"label":"Gynaecological Examinations"},{"value":38,"label":"Nylon Flocking Tip"},{"value":36,"label":"Reproductive Health"},{"value":37,"label":"Sti Test"}],"products-by-department":[{"value":33,"label":"Gynecology"}]},"featured_image_src_large":["https:\/\/hanheng-medical.com\/wp-content\/uploads\/2025\/03\/Vagianl-Swab-Bacterial-vaginosisyeast-infectionsSexually-transmitted-infections-8319-2.jpg",800,800,false],"author_info":[],"comment_info":"","_links":{"self":[{"href":"https:\/\/hanheng-medical.com\/es\/wp-json\/wp\/v2\/product\/2277","targetHints":{"allow":["GET"]}}],"collection":[{"href":"https:\/\/hanheng-medical.com\/es\/wp-json\/wp\/v2\/product"}],"about":[{"href":"https:\/\/hanheng-medical.com\/es\/wp-json\/wp\/v2\/types\/product"}],"wp:featuredmedia":[{"embeddable":true,"href":"https:\/\/hanheng-medical.com\/es\/wp-json\/wp\/v2\/media\/2232"}],"wp:attachment":[{"href":"https:\/\/hanheng-medical.com\/es\/wp-json\/wp\/v2\/media?parent=2277"}],"wp:term":[{"taxonomy":"product-category","embeddable":true,"href":"https:\/\/hanheng-medical.com\/es\/wp-json\/wp\/v2\/product-category?post=2277"},{"taxonomy":"product-tag","embeddable":true,"href":"https:\/\/hanheng-medical.com\/es\/wp-json\/wp\/v2\/product-tag?post=2277"},{"taxonomy":"products-by-department","embeddable":true,"href":"https:\/\/hanheng-medical.com\/es\/wp-json\/wp\/v2\/products-by-department?post=2277"}],"curies":[{"name":"wp","href":"https:\/\/api.w.org\/{rel}","templated":true}]}}