{"id":2271,"date":"2025-03-19T06:18:01","date_gmt":"2025-03-19T06:18:01","guid":{"rendered":"https:\/\/hanheng.easiwin.com\/product\/cervical-scancer-screening-hpv-screening-double-tips-broom-tip-and-nylon-conical-cytobrush-tip-8311\/"},"modified":"2025-05-13T01:01:03","modified_gmt":"2025-05-13T01:01:03","slug":"cervical-scancer-screening-hpv-screening-double-tips-broom-tip-and-nylon-conical-cytobrush-tip-8311","status":"publish","type":"product","link":"https:\/\/hanheng-medical.com\/es\/product\/cervical-scancer-screening-hpv-screening-double-tips-broom-tip-and-nylon-conical-cytobrush-tip-8311\/","title":{"rendered":"Detecci\u00f3n de c\u00e1ncer de cuello uterino y detecci\u00f3n del VPH \/ Punta de escobilla de doble punta y punta de citobrush c\u00f3nica de nailon 8311"},"content":{"rendered":"<h2>Caracter\u00edsticas principales<\/h2>\n<ol>\n<li>Punta tipo Bloom: Fabricada con pelos definidos, semicirculares, suaves y flexibles para una recolecci\u00f3n \u00f3ptima de la muestra.<\/li>\n<li>Punta de cepillo c\u00f3nico de nailon: La forma c\u00f3nica permite una f\u00e1cil inserci\u00f3n, incluso en casos de cuello uterino esten\u00f3tico, mientras que las cerdas de nailon suave aseguran un procedimiento completamente indoloro.<\/li>\n<li>Se puede suministrar un cabezal de cepillo desmontable opcional dependiendo del m\u00e9todo de LBC utilizado.<\/li>\n<li>Esterilizaci\u00f3n y vida \u00fatil: Esterilizado con ETO con una vida \u00fatil de 5 a\u00f1os.<\/li>\n<li>Empaquetado y uso: Envuelto individualmente, de un solo uso y sin l\u00e1tex para una m\u00e1xima seguridad e higiene.<\/li>\n<\/ol>\n<table>\n<tbody>\n<tr>\n<td>Nombre del producto<\/td>\n<td>Muestreador cervical desechable<\/td>\n<\/tr>\n<tr>\n<td>N\u00famero de art\u00edculo<\/td>\n<td>8311<\/td>\n<\/tr>\n<tr>\n<td rowspan=\"3\">Material<\/td>\n<td>Punta: Cerdas de polietileno, hilo de nailon, SUS 304<\/td>\n<\/tr>\n<tr>\n<td>Eje: Polipropileno (Azul o Rosa)<\/td>\n<\/tr>\n<tr>\n<td>Tubo de empuje: Polipropileno<\/td>\n<\/tr>\n<tr>\n<td>Certificaci\u00f3n<\/td>\n<td>CE0197,FDA, GOST-R,NMPA, ISO13485<\/td>\n<\/tr>\n<tr>\n<td>Esterilizaci\u00f3n<\/td>\n<td>EOS<\/td>\n<\/tr>\n<tr>\n<td>Tiempo de vida \u00fatil<\/td>\n<td>5 a\u00f1os<\/td>\n<\/tr>\n<tr>\n<td rowspan=\"4\">Medidas<\/td>\n<td>Longitud total (L): 206+\/-10 mm<\/td>\n<\/tr>\n<tr>\n<td>Di\u00e1metro de la punta (D1): 21+\/-2 mm<\/td>\n<\/tr>\n<tr>\n<td>Di\u00e1metro del eje (D2): 4,5+\/-1 mm;<\/td>\n<\/tr>\n<tr>\n<td>Di\u00e1metro del eje (D3): 7+\/-2 mm;<\/td>\n<\/tr>\n<tr>\n<td>C\u00f3digo SA<\/td>\n<td>901890<\/td>\n<\/tr>\n<\/tbody>\n<\/table>\n\n\n<figure class=\"wp-block-image size-large\"><img loading=\"lazy\" decoding=\"async\" width=\"1024\" height=\"190\" src=\"https:\/\/hanheng-medical.com\/wp-content\/uploads\/2025\/03\/8311-1024x190.jpg\" alt=\"\" class=\"wp-image-2320\" title=\"\" srcset=\"https:\/\/hanheng-medical.com\/wp-content\/uploads\/2025\/03\/8311-1024x190.jpg 1024w, https:\/\/hanheng-medical.com\/wp-content\/uploads\/2025\/03\/8311-300x56.jpg 300w, https:\/\/hanheng-medical.com\/wp-content\/uploads\/2025\/03\/8311-768x142.jpg 768w, https:\/\/hanheng-medical.com\/wp-content\/uploads\/2025\/03\/8311.jpg 1046w\" sizes=\"auto, (max-width: 1024px) 100vw, 1024px\" \/><\/figure>","protected":false},"featured_media":2240,"parent":0,"template":"","meta":{"_acf_changed":true,"_gspb_post_css":"","_kad_blocks_custom_css":"","_kad_blocks_head_custom_js":"","_kad_blocks_body_custom_js":"","_kad_blocks_footer_custom_js":"","_kad_post_transparent":"","_kad_post_title":"","_kad_post_layout":"","_kad_post_sidebar_id":"","_kad_post_content_style":"","_kad_post_vertical_padding":"","_kad_post_feature":"","_kad_post_feature_position":"","_kad_post_header":false,"_kad_post_footer":false,"_kad_post_classname":""},"product-category":[28],"product-tag":[29,34,30,35],"products-by-department":[33],"class_list":["post-2271","product","type-product","status-publish","has-post-thumbnail","hentry","product-category-disposable-cervical-sampler","product-tag-gynaecological-examinations","product-tag-hpv","product-tag-liquid-based-cytology","product-tag-pap","products-by-department-gynecology"],"acf":[],"taxonomy_info":{"product-category":[{"value":28,"label":"Disposable Cervical Sampler"}],"product-tag":[{"value":29,"label":"Gynaecological Examinations"},{"value":34,"label":"Hpv"},{"value":30,"label":"Liquid-Based Cytology"},{"value":35,"label":"Pap"}],"products-by-department":[{"value":33,"label":"Gynecology"}]},"featured_image_src_large":["https:\/\/hanheng-medical.com\/wp-content\/uploads\/2025\/03\/Cervical-Scancer-Screening-HPV-ScreeningDouble-tips-Broom-tip-and-Nylon-Conical-cytobrush-tip-8311\uff084\uff09.jpg",800,800,false],"author_info":[],"comment_info":"","_links":{"self":[{"href":"https:\/\/hanheng-medical.com\/es\/wp-json\/wp\/v2\/product\/2271","targetHints":{"allow":["GET"]}}],"collection":[{"href":"https:\/\/hanheng-medical.com\/es\/wp-json\/wp\/v2\/product"}],"about":[{"href":"https:\/\/hanheng-medical.com\/es\/wp-json\/wp\/v2\/types\/product"}],"wp:featuredmedia":[{"embeddable":true,"href":"https:\/\/hanheng-medical.com\/es\/wp-json\/wp\/v2\/media\/2240"}],"wp:attachment":[{"href":"https:\/\/hanheng-medical.com\/es\/wp-json\/wp\/v2\/media?parent=2271"}],"wp:term":[{"taxonomy":"product-category","embeddable":true,"href":"https:\/\/hanheng-medical.com\/es\/wp-json\/wp\/v2\/product-category?post=2271"},{"taxonomy":"product-tag","embeddable":true,"href":"https:\/\/hanheng-medical.com\/es\/wp-json\/wp\/v2\/product-tag?post=2271"},{"taxonomy":"products-by-department","embeddable":true,"href":"https:\/\/hanheng-medical.com\/es\/wp-json\/wp\/v2\/products-by-department?post=2271"}],"curies":[{"name":"wp","href":"https:\/\/api.w.org\/{rel}","templated":true}]}}