{"id":2263,"date":"2025-03-19T06:18:01","date_gmt":"2025-03-19T06:18:01","guid":{"rendered":"https:\/\/hanheng.easiwin.com\/product\/cervical-scancer-screening-cervix-cervical-brushboom-like-device-8303\/"},"modified":"2025-05-13T01:02:32","modified_gmt":"2025-05-13T01:02:32","slug":"cervical-scancer-screening-cervix-cervical-brushboom-like-device-8303","status":"publish","type":"product","link":"https:\/\/hanheng-medical.com\/es\/product\/cervical-scancer-screening-cervix-cervical-brushboom-like-device-8303\/","title":{"rendered":"Detecci\u00f3n de c\u00e1ncer de cuello uterino\/cepillo cervical (dispositivo similar a una pluma) 8303"},"content":{"rendered":"<h2>Caracter\u00edsticas principales<\/h2>\n<ol>\n<li>Recolecci\u00f3n \u00f3ptima de muestras: Fabricado con pelos definidos, semicirculares, suaves y flexibles para una eficiencia superior en la recolecci\u00f3n de c\u00e9lulas.<\/li>\n<li>Se puede suministrar un cabezal de cepillo desmontable opcional dependiendo del m\u00e9todo de LBC utilizado.<\/li>\n<li>3. Esterilizaci\u00f3n y vida \u00fatil: Esterilizado con ETO con una vida \u00fatil de 5 a\u00f1os.<\/li>\n<li>4. Uso seguro y conveniente: Envuelto individualmente, de un solo uso y sin l\u00e1tex para una m\u00e1xima higiene y seguridad del paciente.<\/li>\n<\/ol>\n<table>\n<tbody>\n<tr>\n<td>\n<p>Nombre del producto<\/p>\n<\/td>\n<td>\n<p>Muestreador cervical desechable<\/p>\n<\/td>\n<\/tr>\n<tr>\n<td>\n<p>N\u00famero de art\u00edculo<\/p>\n<\/td>\n<td>\n<p>8303<\/p>\n<\/td>\n<\/tr>\n<tr>\n<td rowspan=\"3\">\n<p>Material<\/p>\n<\/td>\n<td>\n<p>Punta: Polietileno Cerdas<\/p>\n<\/td>\n<\/tr>\n<tr>\n<td>\n<p>Eje: Polipropileno (Azul o Rosa)<\/p>\n<\/td>\n<\/tr>\n<tr>\n<td>\n<p>Tubo de empuje: Polipropileno<\/p>\n<\/td>\n<\/tr>\n<tr>\n<td>\n<p>Certificaci\u00f3n<\/p>\n<\/td>\n<td>\n<p>CE0197,FDA, GOST-R,NMPA, ISO13485<\/p>\n<\/td>\n<\/tr>\n<tr>\n<td>\n<p>Esterilizaci\u00f3n<\/p>\n<\/td>\n<td>\n<p>EOS<\/p>\n<\/td>\n<\/tr>\n<tr>\n<td>\n<p>Tiempo de vida \u00fatil<\/p>\n<\/td>\n<td>\n<p>5 a\u00f1os<\/p>\n<\/td>\n<\/tr>\n<tr>\n<td rowspan=\"3\">\n<p>Medidas<\/p>\n<\/td>\n<td>\n<p>Longitud total (L): 202+\/-10 mm<\/p>\n<\/td>\n<\/tr>\n<tr>\n<td>\n<p>Di\u00e1metro de la punta (D1): 19,5+\/-2 mm<\/p>\n<\/td>\n<\/tr>\n<tr>\n<td>\n<p>Di\u00e1metro del eje (D2): 5+\/-1 mm;<\/p>\n<\/td>\n<\/tr>\n<tr>\n<td>\n<p>C\u00f3digo SA<\/p>\n<\/td>\n<td>\n<p>901890<\/p>\n<\/td>\n<\/tr>\n<\/tbody>\n<\/table>\n\n\n<figure class=\"wp-block-image size-full\"><img loading=\"lazy\" decoding=\"async\" width=\"1025\" height=\"168\" src=\"https:\/\/hanheng-medical.com\/wp-content\/uploads\/2025\/03\/8303.jpg\" alt=\"\" class=\"wp-image-2313\" title=\"\" srcset=\"https:\/\/hanheng-medical.com\/wp-content\/uploads\/2025\/03\/8303.jpg 1025w, https:\/\/hanheng-medical.com\/wp-content\/uploads\/2025\/03\/8303-300x49.jpg 300w, https:\/\/hanheng-medical.com\/wp-content\/uploads\/2025\/03\/8303-768x126.jpg 768w\" sizes=\"auto, (max-width: 1025px) 100vw, 1025px\" \/><\/figure>","protected":false},"featured_media":2212,"parent":0,"template":"","meta":{"_acf_changed":true,"_gspb_post_css":"","_kad_blocks_custom_css":"","_kad_blocks_head_custom_js":"","_kad_blocks_body_custom_js":"","_kad_blocks_footer_custom_js":"","_kad_post_transparent":"","_kad_post_title":"","_kad_post_layout":"","_kad_post_sidebar_id":"","_kad_post_content_style":"","_kad_post_vertical_padding":"","_kad_post_feature":"","_kad_post_feature_position":"","_kad_post_header":false,"_kad_post_footer":false,"_kad_post_classname":""},"product-category":[28],"product-tag":[31,29,30,32],"products-by-department":[33],"class_list":["post-2263","product","type-product","status-publish","has-post-thumbnail","hentry","product-category-disposable-cervical-sampler","product-tag-efficient-release-capacity","product-tag-gynaecological-examinations","product-tag-liquid-based-cytology","product-tag-push-tube","products-by-department-gynecology"],"acf":[],"taxonomy_info":{"product-category":[{"value":28,"label":"Disposable Cervical Sampler"}],"product-tag":[{"value":31,"label":"Efficient Release Capacity"},{"value":29,"label":"Gynaecological Examinations"},{"value":30,"label":"Liquid-Based Cytology"},{"value":32,"label":"Push Tube"}],"products-by-department":[{"value":33,"label":"Gynecology"}]},"featured_image_src_large":["https:\/\/hanheng-medical.com\/wp-content\/uploads\/2025\/03\/Cervical-Scancer-Screening-CervixCervical-Brushboom-like-device-8303-02.jpg",800,800,false],"author_info":[],"comment_info":"","_links":{"self":[{"href":"https:\/\/hanheng-medical.com\/es\/wp-json\/wp\/v2\/product\/2263","targetHints":{"allow":["GET"]}}],"collection":[{"href":"https:\/\/hanheng-medical.com\/es\/wp-json\/wp\/v2\/product"}],"about":[{"href":"https:\/\/hanheng-medical.com\/es\/wp-json\/wp\/v2\/types\/product"}],"wp:featuredmedia":[{"embeddable":true,"href":"https:\/\/hanheng-medical.com\/es\/wp-json\/wp\/v2\/media\/2212"}],"wp:attachment":[{"href":"https:\/\/hanheng-medical.com\/es\/wp-json\/wp\/v2\/media?parent=2263"}],"wp:term":[{"taxonomy":"product-category","embeddable":true,"href":"https:\/\/hanheng-medical.com\/es\/wp-json\/wp\/v2\/product-category?post=2263"},{"taxonomy":"product-tag","embeddable":true,"href":"https:\/\/hanheng-medical.com\/es\/wp-json\/wp\/v2\/product-tag?post=2263"},{"taxonomy":"products-by-department","embeddable":true,"href":"https:\/\/hanheng-medical.com\/es\/wp-json\/wp\/v2\/products-by-department?post=2263"}],"curies":[{"name":"wp","href":"https:\/\/api.w.org\/{rel}","templated":true}]}}