{"id":3557,"date":"2025-04-24T09:06:06","date_gmt":"2025-04-24T09:06:06","guid":{"rendered":"https:\/\/hanheng.easiwin.com\/product\/plastic-vaginal-speculum-dilatation-of-the-vaginal-canal-and-the-exposition-of-the-uterine-neck-gynecological-examination-push-pull-type\/"},"modified":"2025-04-24T09:06:06","modified_gmt":"2025-04-24T09:06:06","slug":"plastic-vaginal-speculum-dilatation-of-the-vaginal-canal-and-the-exposition-of-the-uterine-neck-gynecological-examination-push-pull-type","status":"publish","type":"product","link":"https:\/\/hanheng-medical.com\/de\/product\/plastic-vaginal-speculum-dilatation-of-the-vaginal-canal-and-the-exposition-of-the-uterine-neck-gynecological-examination-push-pull-type\/","title":{"rendered":"Vaginalspekulum aus Kunststoff\/Dilatation des Vaginalkanals und Freilegung des Geb\u00e4rmutterhalses\/Gyn\u00e4kologische Untersuchung\/Push-Pull-Typ"},"content":{"rendered":"<h2>Hauptmerkmale<\/h2>\n<ol>\n<li>Einweg-Kunststoffmaterial: Hergestellt aus medizinischem, klarem Kunststoff, wodurch es leicht, kosteng\u00fcnstig und f\u00fcr den Einmalgebrauch geeignet ist, um das Risiko einer Kreuzkontamination zu verringern.<\/li>\n<li>Klare Transparenz: Das klare Material erm\u00f6glicht eine bessere Sicht auf die Vaginalw\u00e4nde und den Geb\u00e4rmutterhals w\u00e4hrend der Untersuchung oder der Eingriffe.<\/li>\n<li>Zwei-Blatt-Design: Es hat zwei gelenkige Bl\u00e4tter, die geschlossen eingef\u00fchrt und dann vorsichtig ge\u00f6ffnet werden, um die Vaginalw\u00e4nde zu trennen.<\/li>\n<li>Einstellbare Schraube oder Verriegelungsmechanismus: Die meisten Modelle verf\u00fcgen \u00fcber eine Ratsche oder einen Schraubverschluss, um die Bl\u00e4tter in der gew\u00fcnschten Breite offen zu halten, wodurch die H\u00e4nde des Arztes frei sind.<\/li>\n<li>Gr\u00f6\u00dfenvarianten: Erh\u00e4ltlich in mehreren Gr\u00f6\u00dfen, um unterschiedlichen anatomischen Bed\u00fcrfnissen oder Untersuchungszwecken gerecht zu werden.<\/li>\n<li>Glatte Kanten: Entwickelt, um das Unbehagen des Patienten w\u00e4hrend des Einf\u00fchrens und Entfernens zu minimieren.<\/li>\n<li>Sterilit\u00e4t f\u00fcr den einmaligen Gebrauch: Jedes ist einzeln verpackt und vorsterilisiert f\u00fcr den einmaligen Gebrauch, wodurch die Notwendigkeit einer Sterilisation zwischen den Patienten entf\u00e4llt.<\/li>\n<\/ol>\n<table>\n<tbody>\n<tr>\n<td >\n<p>Produktname<\/p>\n<\/td>\n<td >\n<p>Vaginalspekulum f\u00fcr den Einmalgebrauch<\/p>\n<p>(Amerikanischer Typ\/Push-Pull-Typ)<\/p>\n<\/td>\n<\/tr>\n<tr>\n<td >\n<p>Artikelnummer<\/p>\n<\/td>\n<td >\n<p>L\/M\/S<\/p>\n<\/td>\n<\/tr>\n<tr>\n<td >\n<p>Die Nachfrage nach genauen, sicheren und sterilen Zytologieb\u00fcrsten w\u00e4chst mit der Ausweitung der diagnostischen Tests in den Bereichen Gyn\u00e4kologie, Onkologie und Atemwegsmedizin weiter. F\u00fcr Pathologielabore ist die Auswahl des richtigen Gro\u00dfh\u00e4ndlers oder Herstellers eine strategische Investition sowohl in die Patientenergebnisse als auch in die betriebliche Effizienz.<\/p>\n<\/td>\n<td >\n<p>PS (Polystyrol)<\/p>\n<\/td>\n<\/tr>\n<tr>\n<td >\n<p>Zertifizierung<\/p>\n<\/td>\n<td >\n<p>CE, FDA, ISO13485<\/p>\n<\/td>\n<\/tr>\n<tr>\n<td >\n<p>Sterilisation<\/p>\n<\/td>\n<td >\n<p>EOS<\/p>\n<\/td>\n<\/tr>\n<tr>\n<td >\n<p>Haltbarkeit<\/p>\n<\/td>\n<td >\n<p>5 Jahre<\/p>\n<\/td>\n<\/tr>\n<tr>\n<td >\n<p>HS-Code<\/p>\n<\/td>\n<td >\n<p>901890<\/p>\n<\/td>\n<\/tr>\n<\/tbody>\n<\/table>","protected":false},"featured_media":3545,"parent":0,"template":"","meta":{"_acf_changed":false,"_gspb_post_css":"","_kad_blocks_custom_css":"","_kad_blocks_head_custom_js":"","_kad_blocks_body_custom_js":"","_kad_blocks_footer_custom_js":"","_kad_post_transparent":"","_kad_post_title":"","_kad_post_layout":"","_kad_post_sidebar_id":"","_kad_post_content_style":"","_kad_post_vertical_padding":"","_kad_post_feature":"","_kad_post_feature_position":"","_kad_post_header":false,"_kad_post_footer":false,"_kad_post_classname":""},"product-category":[111],"product-tag":[112,113],"products-by-department":[33],"class_list":["post-3557","product","type-product","status-publish","has-post-thumbnail","hentry","product-category-disposable-vaginal-speculum","product-tag-disposable","product-tag-smooth-plastic-surface-for-patient-comfort","products-by-department-gynecology"],"acf":[],"taxonomy_info":{"product-category":[{"value":111,"label":"Disposable Vaginal Speculum"}],"product-tag":[{"value":112,"label":"Disposable"},{"value":113,"label":"Smooth Plastic Surface for Patient Comfort"}],"products-by-department":[{"value":33,"label":"Gynecology"}]},"featured_image_src_large":["https:\/\/hanheng-medical.com\/wp-content\/uploads\/2025\/04\/Plastic-Vaginal-SpeculumDilatation-of-the-vaginal-canal-and-the-exposition-of-the-uterine-neckGynecological-ExaminationPush-Pull-Type-American-Type-S-1.jpg",800,800,false],"author_info":[],"comment_info":"","_links":{"self":[{"href":"https:\/\/hanheng-medical.com\/de\/wp-json\/wp\/v2\/product\/3557","targetHints":{"allow":["GET"]}}],"collection":[{"href":"https:\/\/hanheng-medical.com\/de\/wp-json\/wp\/v2\/product"}],"about":[{"href":"https:\/\/hanheng-medical.com\/de\/wp-json\/wp\/v2\/types\/product"}],"wp:featuredmedia":[{"embeddable":true,"href":"https:\/\/hanheng-medical.com\/de\/wp-json\/wp\/v2\/media\/3545"}],"wp:attachment":[{"href":"https:\/\/hanheng-medical.com\/de\/wp-json\/wp\/v2\/media?parent=3557"}],"wp:term":[{"taxonomy":"product-category","embeddable":true,"href":"https:\/\/hanheng-medical.com\/de\/wp-json\/wp\/v2\/product-category?post=3557"},{"taxonomy":"product-tag","embeddable":true,"href":"https:\/\/hanheng-medical.com\/de\/wp-json\/wp\/v2\/product-tag?post=3557"},{"taxonomy":"products-by-department","embeddable":true,"href":"https:\/\/hanheng-medical.com\/de\/wp-json\/wp\/v2\/products-by-department?post=3557"}],"curies":[{"name":"wp","href":"https:\/\/api.w.org\/{rel}","templated":true}]}}