{"id":3482,"date":"2025-04-22T08:30:06","date_gmt":"2025-04-22T08:30:06","guid":{"rendered":"https:\/\/hanheng.easiwin.com\/product\/disposable-sampling-box-specimen-transport-medium-along-with-cytobrush-hpv-screening\/"},"modified":"2025-05-09T07:41:51","modified_gmt":"2025-05-09T07:41:51","slug":"disposable-sampling-box-specimen-transport-medium-along-with-cytobrush-hpv-screening","status":"publish","type":"product","link":"https:\/\/hanheng-medical.com\/de\/product\/disposable-sampling-box-specimen-transport-medium-along-with-cytobrush-hpv-screening\/","title":{"rendered":"Einweg-Probenbox\/Proben-Transportmedium zusammen mit Cytob\u00fcrste\/HPV-Screening"},"content":{"rendered":"<h2>Artikel einschlie\u00dflich<\/h2>\n<ol>\n<li>Einweg-Probenb\u00fcrste (Zytologieb\u00fcrste) 8110B60<\/li>\n<li>HPV-Proben-Transportmedium (HPV-2ml oder HPV-3ml)<\/li>\n<\/ol>\n<h2>Hauptmerkmale<\/h2>\n<p>Individuelle, starre Blisterverpackung und Einmalgebrauch f\u00fcr maximale Hygiene und Patientensicherheit.<\/p>\n<h2>Anwendung<\/h2>\n<ol>\n<li>Die weiche, spiralf\u00f6rmige B\u00fcrste wird vorsichtig in den Zervixkanal eingef\u00fchrt.<\/li>\n<li>Gedreht (in der Regel 360\u00b0), um abgeschilferte Zellen von der Zervixauskleidung zu entnehmen. Die Borsten sind so konzipiert, dass sie ausreichend Zellmaterial mit minimalem Unbehagen und ohne Trauma aufnehmen.<\/li>\n<li>Nachdem die Probe mit der Zytob\u00fcrste entnommen wurde, wird die Zytob\u00fcrste am Bruchpunkt in das R\u00f6hrchen abgebrochen. Das R\u00f6hrchen enth\u00e4lt Proben-Transportmedium, um den Abbau von viraler DNA\/RNA w\u00e4hrend des Transports und der Lagerung zu verhindern.<\/li>\n<li>Das R\u00f6hrchen wird versiegelt und beschriftet und dann zur Verarbeitung an das Labor geschickt.<\/li>\n<\/ol>","protected":false},"featured_media":3425,"parent":0,"template":"","meta":{"_acf_changed":true,"_gspb_post_css":"","_kad_blocks_custom_css":"","_kad_blocks_head_custom_js":"","_kad_blocks_body_custom_js":"","_kad_blocks_footer_custom_js":"","_kad_post_transparent":"","_kad_post_title":"","_kad_post_layout":"","_kad_post_sidebar_id":"","_kad_post_content_style":"","_kad_post_vertical_padding":"","_kad_post_feature":"","_kad_post_feature_position":"","_kad_post_header":false,"_kad_post_footer":false,"_kad_post_classname":""},"product-category":[108],"product-tag":[84,107],"products-by-department":[33],"class_list":["post-3482","product","type-product","status-publish","has-post-thumbnail","hentry","product-category-disposable-sampling-box","product-tag-hpv-sampling","product-tag-potentially-lead-to-cervical-intraepithelial-neoplasia-or-cervical-cancer","products-by-department-gynecology"],"acf":[],"taxonomy_info":{"product-category":[{"value":108,"label":"Disposable Sampling Box"}],"product-tag":[{"value":84,"label":"HPV sampling"},{"value":107,"label":"Potentially lead to cervical intraepithelial neoplasia or cervical cancer"}],"products-by-department":[{"value":33,"label":"Gynecology"}]},"featured_image_src_large":["https:\/\/hanheng-medical.com\/wp-content\/uploads\/2025\/04\/Disposable-Sampling-BoxSpecimen-Transport-Medium-along-with-Cytobrush-HPV-Screening-1.jpg",800,800,false],"author_info":[],"comment_info":"","_links":{"self":[{"href":"https:\/\/hanheng-medical.com\/de\/wp-json\/wp\/v2\/product\/3482","targetHints":{"allow":["GET"]}}],"collection":[{"href":"https:\/\/hanheng-medical.com\/de\/wp-json\/wp\/v2\/product"}],"about":[{"href":"https:\/\/hanheng-medical.com\/de\/wp-json\/wp\/v2\/types\/product"}],"wp:featuredmedia":[{"embeddable":true,"href":"https:\/\/hanheng-medical.com\/de\/wp-json\/wp\/v2\/media\/3425"}],"wp:attachment":[{"href":"https:\/\/hanheng-medical.com\/de\/wp-json\/wp\/v2\/media?parent=3482"}],"wp:term":[{"taxonomy":"product-category","embeddable":true,"href":"https:\/\/hanheng-medical.com\/de\/wp-json\/wp\/v2\/product-category?post=3482"},{"taxonomy":"product-tag","embeddable":true,"href":"https:\/\/hanheng-medical.com\/de\/wp-json\/wp\/v2\/product-tag?post=3482"},{"taxonomy":"products-by-department","embeddable":true,"href":"https:\/\/hanheng-medical.com\/de\/wp-json\/wp\/v2\/products-by-department?post=3482"}],"curies":[{"name":"wp","href":"https:\/\/api.w.org\/{rel}","templated":true}]}}