{"id":3481,"date":"2025-04-22T08:30:04","date_gmt":"2025-04-22T08:30:04","guid":{"rendered":"https:\/\/hanheng.easiwin.com\/product\/hpv-self-sampling-kit-hpv-self-collection-kit-various-materials-of-sampling-tip-pu-sponge-flocking-floss-nylon-floss\/"},"modified":"2025-04-22T08:30:04","modified_gmt":"2025-04-22T08:30:04","slug":"hpv-self-sampling-kit-hpv-self-collection-kit-various-materials-of-sampling-tip-pu-sponge-flocking-floss-nylon-floss","status":"publish","type":"product","link":"https:\/\/hanheng-medical.com\/de\/product\/hpv-self-sampling-kit-hpv-self-collection-kit-various-materials-of-sampling-tip-pu-sponge-flocking-floss-nylon-floss\/","title":{"rendered":"HPV-Selbstentnahme-Kit\/HPV-Selbstentnahme-Kit\/Verschiedene Materialien der Probenahmespitze (PU-Schwamm\/Flocking-Floss\/Nylon-Floss)"},"content":{"rendered":"<h2>Hauptmerkmale<\/h2>\n<ol>\n<li>Selbstentnahmevorrichtung: Enth\u00e4lt einen weichen Flocking-Tupfer, eine Nylonb\u00fcrste oder eine schaumstoffbespitzte Probenahmevorrichtung, die so konzipiert ist, dass sie sicher in die Vagina eingef\u00fchrt werden kann, um Zellen vom Geb\u00e4rmutterhals oder von den Vaginalw\u00e4nden zu entnehmen.<\/li>\n<li>Benutzerfreundliches Design: Ergonomisch geformt und einfach zu bedienen mit minimalem Unbehagen, auch f\u00fcr Personen ohne medizinische Ausbildung.<\/li>\n<li>Klare Anweisungen: Wird mit Schritt-f\u00fcr-Schritt-Anleitungen geliefert, oft mit Bildern oder QR-Codes, die zu Videoanleitungen f\u00fchren, um eine ordnungsgem\u00e4\u00dfe Probenentnahme zu gew\u00e4hrleisten.<\/li>\n<li>Probentransportr\u00f6hrchen: Enth\u00e4lt ein steriles Fl\u00e4schchen oder R\u00f6hrchen mit Proben-Transportmedium zur Konservierung der Probe.<\/li>\n<li>Sichere Verpackung: Versiegelte, manipulationssichere Verpackung f\u00fcr Hygiene und zur Aufrechterhaltung der Sterilit\u00e4t.<\/li>\n<li>Privatsph\u00e4re und Komfort: Erm\u00f6glicht eine diskrete Probenentnahme zu Hause oder in privaten Umgebungen und verbessert den Zugang f\u00fcr diejenigen, die klinische Tests vermeiden.<\/li>\n<li>Laborvertr\u00e4glichkeit: Entwickelt f\u00fcr die Verwendung mit validierten HPV-DNA-Testmethoden, einschlie\u00dflich PCR und anderen molekularen Assays.<\/li>\n<li>Hohe Sensitivit\u00e4t: Bei sachgem\u00e4\u00dfer Anwendung bietet es eine vergleichbare Sensitivit\u00e4t und Genauigkeit wie von Klinikern entnommene Proben f\u00fcr Hochrisiko-HPV-Typen.<\/li>\n<\/ol>","protected":false},"featured_media":3437,"parent":0,"template":"","meta":{"_acf_changed":false,"_gspb_post_css":"","_kad_blocks_custom_css":"","_kad_blocks_head_custom_js":"","_kad_blocks_body_custom_js":"","_kad_blocks_footer_custom_js":"","_kad_post_transparent":"","_kad_post_title":"","_kad_post_layout":"","_kad_post_sidebar_id":"","_kad_post_content_style":"","_kad_post_vertical_padding":"","_kad_post_feature":"","_kad_post_feature_position":"","_kad_post_header":false,"_kad_post_footer":false,"_kad_post_classname":""},"product-category":[105],"product-tag":[107,106],"products-by-department":[33],"class_list":["post-3481","product","type-product","status-publish","has-post-thumbnail","hentry","product-category-hpv-self-sampling-kit","product-tag-potentially-lead-to-cervical-intraepithelial-neoplasia-or-cervical-cancer","product-tag-sampling-at-the-comfort-of-your-home","products-by-department-gynecology"],"acf":[],"taxonomy_info":{"product-category":[{"value":105,"label":"HPV Self Sampling Kit"}],"product-tag":[{"value":107,"label":"Potentially lead to cervical intraepithelial neoplasia or cervical cancer"},{"value":106,"label":"Sampling at the comfort of your home"}],"products-by-department":[{"value":33,"label":"Gynecology"}]},"featured_image_src_large":["https:\/\/hanheng-medical.com\/wp-content\/uploads\/2025\/04\/HPV-Self-Sampling-KitHPV-Self-Collection-KitVarious-Materials-of-Sampling-Tip-PU-SpongeFlocking-FlossNylon-Floss-3.jpg",800,800,false],"author_info":[],"comment_info":"","_links":{"self":[{"href":"https:\/\/hanheng-medical.com\/de\/wp-json\/wp\/v2\/product\/3481","targetHints":{"allow":["GET"]}}],"collection":[{"href":"https:\/\/hanheng-medical.com\/de\/wp-json\/wp\/v2\/product"}],"about":[{"href":"https:\/\/hanheng-medical.com\/de\/wp-json\/wp\/v2\/types\/product"}],"wp:featuredmedia":[{"embeddable":true,"href":"https:\/\/hanheng-medical.com\/de\/wp-json\/wp\/v2\/media\/3437"}],"wp:attachment":[{"href":"https:\/\/hanheng-medical.com\/de\/wp-json\/wp\/v2\/media?parent=3481"}],"wp:term":[{"taxonomy":"product-category","embeddable":true,"href":"https:\/\/hanheng-medical.com\/de\/wp-json\/wp\/v2\/product-category?post=3481"},{"taxonomy":"product-tag","embeddable":true,"href":"https:\/\/hanheng-medical.com\/de\/wp-json\/wp\/v2\/product-tag?post=3481"},{"taxonomy":"products-by-department","embeddable":true,"href":"https:\/\/hanheng-medical.com\/de\/wp-json\/wp\/v2\/products-by-department?post=3481"}],"curies":[{"name":"wp","href":"https:\/\/api.w.org\/{rel}","templated":true}]}}