{"id":3480,"date":"2025-04-22T08:30:04","date_gmt":"2025-04-22T08:30:04","guid":{"rendered":"https:\/\/hanheng.easiwin.com\/product\/specimen-transport-medium-preserve-the-morphology-of-the-cells-or-prevent-the-degradation-of-viral-dna-rnaduring-transportation-lbc-hpv-screening-2\/"},"modified":"2025-05-09T07:50:30","modified_gmt":"2025-05-09T07:50:30","slug":"specimen-transport-medium-preserve-the-morphology-of-the-cells-or-prevent-the-degradation-of-viral-dna-rnaduring-transportation-lbc-hpv-screening-2","status":"publish","type":"product","link":"https:\/\/hanheng-medical.com\/de\/product\/specimen-transport-medium-preserve-the-morphology-of-the-cells-or-prevent-the-degradation-of-viral-dna-rnaduring-transportation-lbc-hpv-screening-2\/","title":{"rendered":"Probenentnahmemedium\/Erhaltung der Morphologie der Zellen oder Verhinderung des Abbaus von viraler DNA\/RNA, w\u00e4hrend des Transports\/LBC\/HPV-Screening"},"content":{"rendered":"<h2>Produktstruktur<\/h2>\n<p>Das Probenentnahmemedium (STM) besteht aus Konservierungsl\u00f6sung und Transportr\u00f6hrchen. Das STM wird je nach unterschiedlichen Nachweismethoden der Proben in HPV-Typ und TCT-Typ unterteilt und je nach Menge der Konservierungsl\u00f6sung in Spezifikationen von 2 ml, 3 ml, 5 ml, 8 ml, 10 ml, 12 ml, 15 ml und 20 ml unterteilt.<\/p>\n<h2>Hauptmerkmale<\/h2>\n<ul>\n<li>Erhaltung der Lebensf\u00e4higkeit: Erh\u00e4lt die Lebensf\u00e4higkeit von Mikroorganismen (Bakterien, Viren, Pilze) oder Zellbestandteilen w\u00e4hrend des Transports und der Lagerung.<\/li>\n<li>Puffersystem: Enth\u00e4lt oft eine gepufferte L\u00f6sung, um einen stabilen pH-Wert aufrechtzuerhalten und den Abbau der Probe zu verhindern.<\/li>\n<li>N\u00e4hrstofffreie Medien: Verhindern \u00dcberwucherung und erhalten gleichzeitig Viruspartikel.<\/li>\n<li>Temperaturstabilit\u00e4t: Kann die Probenstabilit\u00e4t oft mehrere Stunden bis Tage bei Raumtemperatur, gek\u00fchlt oder gefroren aufrechterhalten, je nach Typ.<\/li>\n<\/ul>","protected":false},"featured_media":3415,"parent":0,"template":"","meta":{"_acf_changed":true,"_gspb_post_css":"","_kad_blocks_custom_css":"","_kad_blocks_head_custom_js":"","_kad_blocks_body_custom_js":"","_kad_blocks_footer_custom_js":"","_kad_post_transparent":"","_kad_post_title":"","_kad_post_layout":"","_kad_post_sidebar_id":"","_kad_post_content_style":"","_kad_post_vertical_padding":"","_kad_post_feature":"","_kad_post_feature_position":"","_kad_post_header":false,"_kad_post_footer":false,"_kad_post_classname":""},"product-category":[101],"product-tag":[104,102,103],"products-by-department":[33],"class_list":["post-3480","product","type-product","status-publish","has-post-thumbnail","hentry","product-category-specimen-transport-medium","product-tag-efficient-cell-protection","product-tag-long-term-stability","product-tag-non-toxicity","products-by-department-gynecology"],"acf":[],"taxonomy_info":{"product-category":[{"value":101,"label":"Specimen Transport Medium"}],"product-tag":[{"value":104,"label":"Efficient cell protection"},{"value":102,"label":"Long-term Stability"},{"value":103,"label":"Non toxicity"}],"products-by-department":[{"value":33,"label":"Gynecology"}]},"featured_image_src_large":["https:\/\/hanheng-medical.com\/wp-content\/uploads\/2025\/04\/Specimen-Transport-Mediumpreserve-the-morphology-of-the-cells-or-prevent-the-degradation-of-viral-DNARNAduring-transportationLBCHPV-Screening-\u7ec6\u80de\u4fdd\u5b58\u6db2\u7ec4\u5408-1.jpg",800,800,false],"author_info":[],"comment_info":"","_links":{"self":[{"href":"https:\/\/hanheng-medical.com\/de\/wp-json\/wp\/v2\/product\/3480","targetHints":{"allow":["GET"]}}],"collection":[{"href":"https:\/\/hanheng-medical.com\/de\/wp-json\/wp\/v2\/product"}],"about":[{"href":"https:\/\/hanheng-medical.com\/de\/wp-json\/wp\/v2\/types\/product"}],"wp:featuredmedia":[{"embeddable":true,"href":"https:\/\/hanheng-medical.com\/de\/wp-json\/wp\/v2\/media\/3415"}],"wp:attachment":[{"href":"https:\/\/hanheng-medical.com\/de\/wp-json\/wp\/v2\/media?parent=3480"}],"wp:term":[{"taxonomy":"product-category","embeddable":true,"href":"https:\/\/hanheng-medical.com\/de\/wp-json\/wp\/v2\/product-category?post=3480"},{"taxonomy":"product-tag","embeddable":true,"href":"https:\/\/hanheng-medical.com\/de\/wp-json\/wp\/v2\/product-tag?post=3480"},{"taxonomy":"products-by-department","embeddable":true,"href":"https:\/\/hanheng-medical.com\/de\/wp-json\/wp\/v2\/products-by-department?post=3480"}],"curies":[{"name":"wp","href":"https:\/\/api.w.org\/{rel}","templated":true}]}}