{"id":3473,"date":"2025-04-22T08:30:04","date_gmt":"2025-04-22T08:30:04","guid":{"rendered":"https:\/\/hanheng.easiwin.com\/product\/plastic-proctoscope-anoscope-rectum-screening\/"},"modified":"2025-04-22T08:30:04","modified_gmt":"2025-04-22T08:30:04","slug":"plastic-proctoscope-anoscope-rectum-screening","status":"publish","type":"product","link":"https:\/\/hanheng-medical.com\/de\/product\/plastic-proctoscope-anoscope-rectum-screening\/","title":{"rendered":"Kunststoff-Proktoskop\/Anoskop\/Rektumuntersuchung"},"content":{"rendered":"<h2>Hauptmerkmale<\/h2>\n<ul>\n<li>Hohlrohr: Der Hauptk\u00f6rper ist ein kurzes, starres, hohles Rohr, das einen visuellen Zugang zur Rektumh\u00f6hle erm\u00f6glicht.<\/li>\n<li>Lichtquelle: Es verf\u00fcgt in der Regel \u00fcber eine eingebaute oder anbringbare Lichtquelle, um das Innere des Rektums f\u00fcr eine klare Sicht zu beleuchten.<\/li>\n<li>Obturator: Dies ist ein glatter, abgerundeter Einsatz, der die Einf\u00fchrung des Proktoskops erleichtert. Er wird entfernt, sobald das Ger\u00e4t eingesetzt ist, um eine Untersuchung oder Verfahren zu erm\u00f6glichen.<\/li>\n<li>Sichtfenster: Proktoskope verf\u00fcgen \u00fcber Glasfaseroptik f\u00fcr eine verbesserte Visualisierung.<\/li>\n<li>Material: Normalerweise aus Kunststoff (Einwegmodelle)<\/li>\n<li>L\u00e4nge und Gr\u00f6\u00dfe: Sie sind in verschiedenen Gr\u00f6\u00dfen (Mittel und Gro\u00df) erh\u00e4ltlich, sind aber in der Regel kurz (etwa 7-15 cm lang), da sie f\u00fcr Untersuchungen des unteren Rektums bestimmt sind.<\/li>\n<li>Kan\u00e4le f\u00fcr Instrumente: Einige Typen umfassen Kan\u00e4le, die den Durchgang von chirurgischen Instrumenten f\u00fcr Biopsien, Polypenentfernung oder H\u00e4morrhoidenbehandlung erm\u00f6glichen.<\/li>\n<li>Sichere &amp; bequeme Anwendung: Einzeln verpackt, f\u00fcr den einmaligen Gebrauch und latexfrei f\u00fcr maximale Hygiene und Patientensicherheit.<\/li>\n<li>ETO-Sterilisation, 5 Jahre Haltbarkeit<\/li>\n<\/ul>\n<table>\n<tbody>\n<tr>\n<td >\n<p>Produktname<\/p>\n<\/td>\n<td >\n<p>Einweg-Proktoskop<\/p>\n<\/td>\n<\/tr>\n<tr>\n<td >\n<p>Artikelnummer<\/p>\n<\/td>\n<td >\n<p>Mittel\/Gro\u00df<\/p>\n<\/td>\n<\/tr>\n<tr>\n<td >\n<p>Die Nachfrage nach genauen, sicheren und sterilen Zytologieb\u00fcrsten w\u00e4chst mit der Ausweitung der diagnostischen Tests in den Bereichen Gyn\u00e4kologie, Onkologie und Atemwegsmedizin weiter. F\u00fcr Pathologielabore ist die Auswahl des richtigen Gro\u00dfh\u00e4ndlers oder Herstellers eine strategische Investition sowohl in die Patientenergebnisse als auch in die betriebliche Effizienz.<\/p>\n<\/td>\n<td >\n<p>PS (Polystyrol) Transparent<\/p>\n<\/td>\n<\/tr>\n<tr>\n<td >\n<p>Zertifizierung<\/p>\n<\/td>\n<td >\n<p>CE, FDA, ISO13485<\/p>\n<\/td>\n<\/tr>\n<tr>\n<td >\n<p>Sterilisation<\/p>\n<\/td>\n<td >\n<p>EOS<\/p>\n<\/td>\n<\/tr>\n<tr>\n<td >\n<p>Haltbarkeit<\/p>\n<\/td>\n<td >\n<p>5 Jahre<\/p>\n<\/td>\n<\/tr>\n<tr>\n<td rowspan=\"3\" >\n<p>Messungen<\/p>\n<p>(Mittel)<\/p>\n<\/td>\n<td >\n<p>Obturatorl\u00e4nge: 140 mm<\/p>\n<\/td>\n<\/tr>\n<tr>\n<td >\n<p>Spekulum: L\u00e4nge: 95 +\/- 1 mm;<\/p>\n<\/td>\n<\/tr>\n<tr>\n<td >\n<p>Distaler Durchmesser: 23,9+\/- 1 mm;<br \/>Proximaler Durchmesser (Arbeitsteil): 18,5+\/- 1 mm;<\/p>\n<\/td>\n<\/tr>\n<tr>\n<td rowspan=\"3\" >\n<p>Messungen<\/p>\n<p>(Gro\u00df)<\/p>\n<\/td>\n<td >\n<p>Obturatorl\u00e4nge: 138,3 mm<\/p>\n<\/td>\n<\/tr>\n<tr>\n<td >\n<p>Spekulum: L\u00e4nge: 95 +\/- 1 mm;<\/p>\n<\/td>\n<\/tr>\n<tr>\n<td >\n<p>Distaler Durchmesser: 28,4 +\/- 1 mm;<br \/>Proximaler Durchmesser (Arbeitsteil): 22,5+\/- 1 mm;<\/p>\n<\/td>\n<\/tr>\n<tr>\n<td >\n<p>HS-Code<\/p>\n<\/td>\n<td >\n<p>901890<\/p>\n<\/td>\n<\/tr>\n<\/tbody>\n<\/table>","protected":false},"featured_media":3458,"parent":0,"template":"","meta":{"_acf_changed":false,"_gspb_post_css":"","_kad_blocks_custom_css":"","_kad_blocks_head_custom_js":"","_kad_blocks_body_custom_js":"","_kad_blocks_footer_custom_js":"","_kad_post_transparent":"","_kad_post_title":"","_kad_post_layout":"","_kad_post_sidebar_id":"","_kad_post_content_style":"","_kad_post_vertical_padding":"","_kad_post_feature":"","_kad_post_feature_position":"","_kad_post_header":false,"_kad_post_footer":false,"_kad_post_classname":""},"product-category":[97],"product-tag":[98,99],"products-by-department":[60],"class_list":["post-3473","product","type-product","status-publish","has-post-thumbnail","hentry","product-category-disposable-anoscopy","product-tag-smooth-surface","product-tag-transparent","products-by-department-gastroenterology"],"acf":[],"taxonomy_info":{"product-category":[{"value":97,"label":"Disposable Anoscopy"}],"product-tag":[{"value":98,"label":"Smooth surface"},{"value":99,"label":"Transparent"}],"products-by-department":[{"value":60,"label":"Gastroenterology"}]},"featured_image_src_large":["https:\/\/hanheng-medical.com\/wp-content\/uploads\/2025\/04\/Plastic-ProctoscopeAnoscopeRectum-Screening-Medium-01.jpg",800,800,false],"author_info":[],"comment_info":"","_links":{"self":[{"href":"https:\/\/hanheng-medical.com\/de\/wp-json\/wp\/v2\/product\/3473","targetHints":{"allow":["GET"]}}],"collection":[{"href":"https:\/\/hanheng-medical.com\/de\/wp-json\/wp\/v2\/product"}],"about":[{"href":"https:\/\/hanheng-medical.com\/de\/wp-json\/wp\/v2\/types\/product"}],"wp:featuredmedia":[{"embeddable":true,"href":"https:\/\/hanheng-medical.com\/de\/wp-json\/wp\/v2\/media\/3458"}],"wp:attachment":[{"href":"https:\/\/hanheng-medical.com\/de\/wp-json\/wp\/v2\/media?parent=3473"}],"wp:term":[{"taxonomy":"product-category","embeddable":true,"href":"https:\/\/hanheng-medical.com\/de\/wp-json\/wp\/v2\/product-category?post=3473"},{"taxonomy":"product-tag","embeddable":true,"href":"https:\/\/hanheng-medical.com\/de\/wp-json\/wp\/v2\/product-tag?post=3473"},{"taxonomy":"products-by-department","embeddable":true,"href":"https:\/\/hanheng-medical.com\/de\/wp-json\/wp\/v2\/products-by-department?post=3473"}],"curies":[{"name":"wp","href":"https:\/\/api.w.org\/{rel}","templated":true}]}}