{"id":3470,"date":"2025-04-22T08:30:04","date_gmt":"2025-04-22T08:30:04","guid":{"rendered":"https:\/\/hanheng.easiwin.com\/product\/plastic-umbilical-cord-clamp-clamp-and-secure-the-umbilical-cord-prior-to-cutting-double-locks\/"},"modified":"2025-04-22T08:30:04","modified_gmt":"2025-04-22T08:30:04","slug":"plastic-umbilical-cord-clamp-clamp-and-secure-the-umbilical-cord-prior-to-cutting-double-locks","status":"publish","type":"product","link":"https:\/\/hanheng-medical.com\/de\/product\/plastic-umbilical-cord-clamp-clamp-and-secure-the-umbilical-cord-prior-to-cutting-double-locks\/","title":{"rendered":"Kunststoff-Nabelschnurklemme\/Klemme und Sicherung der Nabelschnur vor dem Durchtrennen\/Doppelverschl\u00fcsse"},"content":{"rendered":"<h2>Hauptmerkmale<\/h2>\n<ul>\n<li>Doppelverriegelungen<\/li>\n<li>Steril f\u00fcr den einmaligen Gebrauch und einzeln verpackt, um Sauberkeit zu gew\u00e4hrleisten<\/li>\n<li>Gerilltes Klemmen, um ein Verrutschen der Nabelschnur zu verhindern<\/li>\n<li>Verriegelt, um ein versehentliches \u00d6ffnen nach dem Klemmen zu verhindern Sicher und bequem zu handhaben<\/li>\n<li>ETO-Sterilisation, 5 Jahre Haltbarkeit<\/li>\n<\/ul>\n<table>\n<tbody>\n<tr>\n<td >\n<p>Produktname<\/p>\n<\/td>\n<td >\n<p>Nabelschnurklemme<\/p>\n<\/td>\n<\/tr>\n<tr>\n<td >\n<p>Artikelnummer<\/p>\n<\/td>\n<td >\n<p>HH841005<\/p>\n<\/td>\n<\/tr>\n<tr>\n<td >\n<p>Die Nachfrage nach genauen, sicheren und sterilen Zytologieb\u00fcrsten w\u00e4chst mit der Ausweitung der diagnostischen Tests in den Bereichen Gyn\u00e4kologie, Onkologie und Atemwegsmedizin weiter. F\u00fcr Pathologielabore ist die Auswahl des richtigen Gro\u00dfh\u00e4ndlers oder Herstellers eine strategische Investition sowohl in die Patientenergebnisse als auch in die betriebliche Effizienz.<\/p>\n<\/td>\n<td >\n<p>ABS (Acrylnitril-Butadien-Styrol)<\/p>\n<\/td>\n<\/tr>\n<tr>\n<td >\n<p>Zertifizierung<\/p>\n<\/td>\n<td >\n<p>CE0197, FDA, ISO13485<\/p>\n<\/td>\n<\/tr>\n<tr>\n<td >\n<p>Sterilisation<\/p>\n<\/td>\n<td >\n<p>EOS<\/p>\n<\/td>\n<\/tr>\n<tr>\n<td >\n<p>Haltbarkeit<\/p>\n<\/td>\n<td >\n<p>5 Jahre<\/p>\n<\/td>\n<\/tr>\n<tr>\n<td rowspan=\"2\" >\n<p>Messungen<\/p>\n<\/td>\n<td >\n<p>Gesamtl\u00e4nge(L): 58+\/-2mm;<\/p>\n<\/td>\n<\/tr>\n<tr>\n<td >\n<p>Dicke(L1):4,7+\/-0,5mm;<\/p>\n<\/td>\n<\/tr>\n<tr>\n<td >\n<p>HS-Code<\/p>\n<\/td>\n<td >\n<p>901890<\/p>\n<\/td>\n<\/tr>\n<\/tbody>\n<\/table>","protected":false},"featured_media":3398,"parent":0,"template":"","meta":{"_acf_changed":false,"_gspb_post_css":"","_kad_blocks_custom_css":"","_kad_blocks_head_custom_js":"","_kad_blocks_body_custom_js":"","_kad_blocks_footer_custom_js":"","_kad_post_transparent":"","_kad_post_title":"","_kad_post_layout":"","_kad_post_sidebar_id":"","_kad_post_content_style":"","_kad_post_vertical_padding":"","_kad_post_feature":"","_kad_post_feature_position":"","_kad_post_header":false,"_kad_post_footer":false,"_kad_post_classname":""},"product-category":[93],"product-tag":[95,94],"products-by-department":[92],"class_list":["post-3470","product","type-product","status-publish","has-post-thumbnail","hentry","product-category-umbilical-cord-clamp","product-tag-double-locks","product-tag-grooved-clamping","products-by-department-obstetrics"],"acf":[],"taxonomy_info":{"product-category":[{"value":93,"label":"Umbilical Cord Clamp"}],"product-tag":[{"value":95,"label":"Double locks"},{"value":94,"label":"Grooved clamping"}],"products-by-department":[{"value":92,"label":"Obstetrics"}]},"featured_image_src_large":["https:\/\/hanheng-medical.com\/wp-content\/uploads\/2025\/04\/Plastic-Umbilical-Cord-ClampClamp-and-Secure-the-umbilical-cord-prior-to-cuttingDouble-locksHH841005-1.jpg",800,800,false],"author_info":[],"comment_info":"","_links":{"self":[{"href":"https:\/\/hanheng-medical.com\/de\/wp-json\/wp\/v2\/product\/3470","targetHints":{"allow":["GET"]}}],"collection":[{"href":"https:\/\/hanheng-medical.com\/de\/wp-json\/wp\/v2\/product"}],"about":[{"href":"https:\/\/hanheng-medical.com\/de\/wp-json\/wp\/v2\/types\/product"}],"wp:featuredmedia":[{"embeddable":true,"href":"https:\/\/hanheng-medical.com\/de\/wp-json\/wp\/v2\/media\/3398"}],"wp:attachment":[{"href":"https:\/\/hanheng-medical.com\/de\/wp-json\/wp\/v2\/media?parent=3470"}],"wp:term":[{"taxonomy":"product-category","embeddable":true,"href":"https:\/\/hanheng-medical.com\/de\/wp-json\/wp\/v2\/product-category?post=3470"},{"taxonomy":"product-tag","embeddable":true,"href":"https:\/\/hanheng-medical.com\/de\/wp-json\/wp\/v2\/product-tag?post=3470"},{"taxonomy":"products-by-department","embeddable":true,"href":"https:\/\/hanheng-medical.com\/de\/wp-json\/wp\/v2\/products-by-department?post=3470"}],"curies":[{"name":"wp","href":"https:\/\/api.w.org\/{rel}","templated":true}]}}