{"id":3466,"date":"2025-04-22T08:30:04","date_gmt":"2025-04-22T08:30:04","guid":{"rendered":"https:\/\/hanheng.easiwin.com\/product\/amnihook-amniotic-membrane-perforator-curved\/"},"modified":"2025-04-22T08:30:04","modified_gmt":"2025-04-22T08:30:04","slug":"amnihook-amniotic-membrane-perforator-curved","status":"publish","type":"product","link":"https:\/\/hanheng-medical.com\/de\/product\/amnihook-amniotic-membrane-perforator-curved\/","title":{"rendered":"AmniHook\/Amnionmembran-Perforator\/Gebogen"},"content":{"rendered":"<h2>Hauptmerkmale<\/h2>\n<ol>\n<li>Eine sichere, effektive und bequeme Methode, um die Amnionmembran beim ersten Versuch zu rupturieren<\/li>\n<li>Anatomisch gestaltet mit einer abgerundeten Spitze und einem gesch\u00fctzten Haken, um die Amnionmembran zu rupturieren, indem m\u00fctterliches Gewebe und das Baby gesch\u00fctzt werden<\/li>\n<li>Keine Vorspr\u00fcnge, um den Geburtskanal zu verletzen<\/li>\n<li>Praktisch unzerbrechlich<\/li>\n<li>Ergonomisch gestaltet, mit einem gebogenen Griff, der eine hervorragende Traktion und einen guten Griff bietet<\/li>\n<li>25 cm lang f\u00fcr einfachen Zugang<\/li>\n<li>ETO-Sterilisation, 5 Jahre Haltbarkeit<\/li>\n<li>Sichere &amp; bequeme Anwendung: Einzeln verpackt, f\u00fcr den einmaligen Gebrauch und latexfrei f\u00fcr maximale Hygiene und Patientensicherheit.<\/li>\n<\/ol>\n<table>\n<tbody>\n<tr>\n<td >\n<p>Produktname<\/p>\n<\/td>\n<td >\n<p>Amnionmembran-Perforator (gebogen)<\/p>\n<\/td>\n<\/tr>\n<tr>\n<td >\n<p>Artikelnummer<\/p>\n<\/td>\n<td >\n<p>YSG-W-01<\/p>\n<\/td>\n<\/tr>\n<tr>\n<td >\n<p>Die Nachfrage nach genauen, sicheren und sterilen Zytologieb\u00fcrsten w\u00e4chst mit der Ausweitung der diagnostischen Tests in den Bereichen Gyn\u00e4kologie, Onkologie und Atemwegsmedizin weiter. F\u00fcr Pathologielabore ist die Auswahl des richtigen Gro\u00dfh\u00e4ndlers oder Herstellers eine strategische Investition sowohl in die Patientenergebnisse als auch in die betriebliche Effizienz.<\/p>\n<\/td>\n<td >\n<p>ABS (Acrylnitril-Butadien-Styrol)<\/p>\n<\/td>\n<\/tr>\n<tr>\n<td >\n<p>Zertifizierung<\/p>\n<\/td>\n<td >\n<p>CE0197, FDA, ISO13485<\/p>\n<\/td>\n<\/tr>\n<tr>\n<td >\n<p>Sterilisation<\/p>\n<\/td>\n<td >\n<p>EOS<\/p>\n<\/td>\n<\/tr>\n<tr>\n<td >\n<p>Haltbarkeit<\/p>\n<\/td>\n<td >\n<p>5 Jahre<\/p>\n<\/td>\n<\/tr>\n<tr>\n<td rowspan=\"3\" >\n<p>Messungen<\/p>\n<\/td>\n<td >\n<p>Gesamtl\u00e4nge (L): 249+\/-5 mm<\/p>\n<\/td>\n<\/tr>\n<tr>\n<td >\n<p>Durchmesser des hinteren Griffteils (D): 13,4+\/-1 mm<\/p>\n<\/td>\n<\/tr>\n<tr>\n<td >\n<p>Dicke des hinteren Griffteils (H): 3,3+\/-0,3 mm<\/p>\n<\/td>\n<\/tr>\n<tr>\n<td >\n<p>HS-Code<\/p>\n<\/td>\n<td >\n<p>901890<\/p>\n<\/td>\n<\/tr>\n<\/tbody>\n<\/table>","protected":false},"featured_media":3420,"parent":0,"template":"","meta":{"_acf_changed":false,"_gspb_post_css":"","_kad_blocks_custom_css":"","_kad_blocks_head_custom_js":"","_kad_blocks_body_custom_js":"","_kad_blocks_footer_custom_js":"","_kad_post_transparent":"","_kad_post_title":"","_kad_post_layout":"","_kad_post_sidebar_id":"","_kad_post_content_style":"","_kad_post_vertical_padding":"","_kad_post_feature":"","_kad_post_feature_position":"","_kad_post_header":false,"_kad_post_footer":false,"_kad_post_classname":""},"product-category":[90],"product-tag":[91],"products-by-department":[92],"class_list":["post-3466","product","type-product","status-publish","has-post-thumbnail","hentry","product-category-amnihook","product-tag-round-tip-with-a-protected-point-to-snag-the-membrane-as-the-perforator","products-by-department-obstetrics"],"acf":[],"taxonomy_info":{"product-category":[{"value":90,"label":"AmniHook"}],"product-tag":[{"value":91,"label":"Round tip with a protected point to snag the membrane as the perforator"}],"products-by-department":[{"value":92,"label":"Obstetrics"}]},"featured_image_src_large":["https:\/\/hanheng-medical.com\/wp-content\/uploads\/2025\/04\/AmniHookAmniotic-Membrane-PerforatorCurved-\u5f2f\u578b\u7f8a\u6c34\u94a9-2.jpg",800,800,false],"author_info":[],"comment_info":"","_links":{"self":[{"href":"https:\/\/hanheng-medical.com\/de\/wp-json\/wp\/v2\/product\/3466","targetHints":{"allow":["GET"]}}],"collection":[{"href":"https:\/\/hanheng-medical.com\/de\/wp-json\/wp\/v2\/product"}],"about":[{"href":"https:\/\/hanheng-medical.com\/de\/wp-json\/wp\/v2\/types\/product"}],"wp:featuredmedia":[{"embeddable":true,"href":"https:\/\/hanheng-medical.com\/de\/wp-json\/wp\/v2\/media\/3420"}],"wp:attachment":[{"href":"https:\/\/hanheng-medical.com\/de\/wp-json\/wp\/v2\/media?parent=3466"}],"wp:term":[{"taxonomy":"product-category","embeddable":true,"href":"https:\/\/hanheng-medical.com\/de\/wp-json\/wp\/v2\/product-category?post=3466"},{"taxonomy":"product-tag","embeddable":true,"href":"https:\/\/hanheng-medical.com\/de\/wp-json\/wp\/v2\/product-tag?post=3466"},{"taxonomy":"products-by-department","embeddable":true,"href":"https:\/\/hanheng-medical.com\/de\/wp-json\/wp\/v2\/products-by-department?post=3466"}],"curies":[{"name":"wp","href":"https:\/\/api.w.org\/{rel}","templated":true}]}}