{"id":3464,"date":"2025-04-22T08:30:04","date_gmt":"2025-04-22T08:30:04","guid":{"rendered":"https:\/\/hanheng.easiwin.com\/product\/pap-smear-kit-gynecological-kit-cervical-cancer-screening-hpv-sampling\/"},"modified":"2025-04-22T08:30:04","modified_gmt":"2025-04-22T08:30:04","slug":"pap-smear-kit-gynecological-kit-cervical-cancer-screening-hpv-sampling","status":"publish","type":"product","link":"https:\/\/hanheng-medical.com\/de\/product\/pap-smear-kit-gynecological-kit-cervical-cancer-screening-hpv-sampling\/","title":{"rendered":"Pap-Abstrich-Kit\/Gyn\u00e4kologie-Kit\/Geb\u00e4rmutterhalskrebs-Screening\/HPV-Probenentnahme"},"content":{"rendered":"<h2>Einschlie\u00dflich Artikel (optional):<\/h2>\n<ul>\n<li>Vaginalspekulum<\/li>\n<li>Endozervixb\u00fcrste<\/li>\n<li>Geb\u00e4rmutterhalsb\u00fcrste<\/li>\n<li>Untersuchungshandschuhe<\/li>\n<li>Einweg-Abdecktuch<\/li>\n<li>Spatel<\/li>\n<\/ul>\n<p>Das Vaginalspekulum, das in verschiedenen Gr\u00f6\u00dfen erh\u00e4ltlich ist, um unterschiedlichen anatomischen Variationen gerecht zu werden, wird sorgf\u00e4ltig in die Vagina eingef\u00fchrt, um die Visualisierung des Geb\u00e4rmutterhalses und der Vaginalw\u00e4nde zu erm\u00f6glichen. Dies vereinfacht die Inspektion der Gesundheit des Geb\u00e4rmutterhalses, die Erkennung von Anomalien und die Entnahme von Zervixproben f\u00fcr weitere Analysen, wie z. B. Pap-Abstriche.<\/p>\n<p>Gleichzeitig zieht der Angeh\u00f6rige der Gesundheitsberufe die Latex-Untersuchungshandschuhe an, um eine sterile Umgebung aufrechtzuerhalten und eine Kreuzkontamination w\u00e4hrend des Eingriffs zu verhindern.<\/p>\n<p>Die Einweg-Zervixb\u00fcrste und die Zytob\u00fcrste werden dann verwendet, um Proben vom Geb\u00e4rmutterhals zu erhalten, die f\u00fcr die Identifizierung von abnormalen Zellver\u00e4nderungen, die auf Geb\u00e4rmutterhalskrebs oder andere pathologische Erkrankungen hindeuten, grundlegend sind.<\/p>\n<p>Das Einweg-Abdecktuch dient als Schutzbarriere, die den Patientenkomfort gew\u00e4hrleistet und die Sterilit\u00e4t w\u00e4hrend des Untersuchungsprozesses aufrechterh\u00e4lt.<\/p>\n<h2>Paket:<\/h2>\n<p>Einzeln verpackt und f\u00fcr den einmaligen Gebrauch bestimmt, um maximale Hygiene und Patientensicherheit zu gew\u00e4hrleisten.<\/p>","protected":false},"featured_media":3452,"parent":0,"template":"","meta":{"_acf_changed":false,"_gspb_post_css":"","_kad_blocks_custom_css":"","_kad_blocks_head_custom_js":"","_kad_blocks_body_custom_js":"","_kad_blocks_footer_custom_js":"","_kad_post_transparent":"","_kad_post_title":"","_kad_post_layout":"","_kad_post_sidebar_id":"","_kad_post_content_style":"","_kad_post_vertical_padding":"","_kad_post_feature":"","_kad_post_feature_position":"","_kad_post_header":false,"_kad_post_footer":false,"_kad_post_classname":""},"product-category":[82],"product-tag":[83,84],"products-by-department":[33],"class_list":["post-3464","product","type-product","status-publish","has-post-thumbnail","hentry","product-category-pap-smear-kit","product-tag-cervical-cancer-sceening","product-tag-hpv-sampling","products-by-department-gynecology"],"acf":[],"taxonomy_info":{"product-category":[{"value":82,"label":"Pap Smear Kit"}],"product-tag":[{"value":83,"label":"Cervical cancer sceening"},{"value":84,"label":"HPV sampling"}],"products-by-department":[{"value":33,"label":"Gynecology"}]},"featured_image_src_large":["https:\/\/hanheng-medical.com\/wp-content\/uploads\/2025\/04\/Pap-Smear-KitGynecological-KitCervical-Cancer-ScreeningHPV-Sampling-01\u4e0d\u884c-2.jpg",800,800,false],"author_info":[],"comment_info":"","_links":{"self":[{"href":"https:\/\/hanheng-medical.com\/de\/wp-json\/wp\/v2\/product\/3464","targetHints":{"allow":["GET"]}}],"collection":[{"href":"https:\/\/hanheng-medical.com\/de\/wp-json\/wp\/v2\/product"}],"about":[{"href":"https:\/\/hanheng-medical.com\/de\/wp-json\/wp\/v2\/types\/product"}],"wp:featuredmedia":[{"embeddable":true,"href":"https:\/\/hanheng-medical.com\/de\/wp-json\/wp\/v2\/media\/3452"}],"wp:attachment":[{"href":"https:\/\/hanheng-medical.com\/de\/wp-json\/wp\/v2\/media?parent=3464"}],"wp:term":[{"taxonomy":"product-category","embeddable":true,"href":"https:\/\/hanheng-medical.com\/de\/wp-json\/wp\/v2\/product-category?post=3464"},{"taxonomy":"product-tag","embeddable":true,"href":"https:\/\/hanheng-medical.com\/de\/wp-json\/wp\/v2\/product-tag?post=3464"},{"taxonomy":"products-by-department","embeddable":true,"href":"https:\/\/hanheng-medical.com\/de\/wp-json\/wp\/v2\/products-by-department?post=3464"}],"curies":[{"name":"wp","href":"https:\/\/api.w.org\/{rel}","templated":true}]}}