{"id":3462,"date":"2025-04-22T08:30:04","date_gmt":"2025-04-22T08:30:04","guid":{"rendered":"https:\/\/hanheng.easiwin.com\/product\/6-plastic-or-wooden-tongue-depressor-throat-or-tonsils-medical-examination-wax-applicator-sticks\/"},"modified":"2025-04-22T08:30:04","modified_gmt":"2025-04-22T08:30:04","slug":"6-plastic-or-wooden-tongue-depressor-throat-or-tonsils-medical-examination-wax-applicator-sticks","status":"publish","type":"product","link":"https:\/\/hanheng-medical.com\/de\/product\/6-plastic-or-wooden-tongue-depressor-throat-or-tonsils-medical-examination-wax-applicator-sticks\/","title":{"rendered":"6&#8243; Zungenspatel\/Rachen- oder Mandeln-Untersuchungs-\/Wachs-Applikator-St\u00e4bchen aus Kunststoff oder Holz"},"content":{"rendered":"<h2>Hauptmerkmale<\/h2>\n<ol>\n<li>Mehrere Anwendungen: Klinische Umgebung, Auftragen von Salben, R\u00fchren und Mischen von Medikamenten, tier\u00e4rztliche Verfahren, Bastelprojekte und industrielle Anwendungen.<\/li>\n<li>Perfekt f\u00fcr die Untersuchung des Mundes des Patienten und die Patientenversorgung<\/li>\n<li>Hochwertige Produkte, die eine gleichbleibende Leistung erbringen<\/li>\n<li>Produkte auf Holzbasis werden aus wei\u00dfer Birke hergestellt<\/li>\n<li>Einzeln verpackt steril oder unverpackt, nicht steril<\/li>\n<\/ol>\n<table style=\"width: 609px;\">\n<tbody>\n<tr>\n<td style=\"width: 220px;\">\n<p>Produktname<\/p>\n<\/td>\n<td style=\"width: 373px;\">\n<p>Zungenspatel<\/p>\n<\/td>\n<\/tr>\n<tr>\n<td style=\"width: 220px;\">\n<p>Artikelnummer<\/p>\n<\/td>\n<td style=\"width: 373px;\">\n<p>8405<\/p>\n<\/td>\n<\/tr>\n<tr>\n<td style=\"width: 220px;\">\n<p>H\u00e4ufig verwendet f\u00fcr<\/p>\n<\/td>\n<td style=\"width: 373px;\">\n<p>Untersuchen Sie die Mandeln, den Gaumen-Zungen-Bogen, den Rachen-Gaumen-Bogen, die hintere Wand und andere Anwendungen.<\/p>\n<\/td>\n<\/tr>\n<tr>\n<td style=\"width: 220px;\">\n<p>Die Nachfrage nach genauen, sicheren und sterilen Zytologieb\u00fcrsten w\u00e4chst mit der Ausweitung der diagnostischen Tests in den Bereichen Gyn\u00e4kologie, Onkologie und Atemwegsmedizin weiter. F\u00fcr Pathologielabore ist die Auswahl des richtigen Gro\u00dfh\u00e4ndlers oder Herstellers eine strategische Investition sowohl in die Patientenergebnisse als auch in die betriebliche Effizienz.<\/p>\n<\/td>\n<td style=\"width: 373px;\">\n<p>Polypropylen<\/p>\n<\/td>\n<\/tr>\n<tr>\n<td style=\"width: 220px;\">\n<p>Zertifizierung<\/p>\n<\/td>\n<td style=\"width: 373px;\">\n<p>CE0197,FDA, GOST-R,NMPA, ISO13485<\/p>\n<\/td>\n<\/tr>\n<tr>\n<td style=\"width: 220px;\">\n<p>Sterilisation<\/p>\n<\/td>\n<td style=\"width: 373px;\">\n<p>EOS<\/p>\n<\/td>\n<\/tr>\n<tr>\n<td style=\"width: 220px;\">\n<p>Haltbarkeit<\/p>\n<\/td>\n<td style=\"width: 373px;\">\n<p>5 Jahre<\/p>\n<\/td>\n<\/tr>\n<tr>\n<td style=\"width: 220px;\" rowspan=\"2\">\n<p>Messungen<\/p>\n<\/td>\n<td style=\"width: 373px;\">\n<p>Gesamtl\u00e4nge (L): 150+\/-5mm<\/p>\n<\/td>\n<\/tr>\n<tr>\n<td style=\"width: 373px;\">\n<p>Stabdurchmesser (D2): 18,5+\/-2mm<\/p>\n<\/td>\n<\/tr>\n<tr>\n<td style=\"width: 220px;\">\n<p>HS-Code<\/p>\n<\/td>\n<td style=\"width: 373px;\">\n<p>901890<\/p>\n<\/td>\n<\/tr>\n<\/tbody>\n<\/table>","protected":false},"featured_media":3456,"parent":0,"template":"","meta":{"_acf_changed":false,"_gspb_post_css":"","_kad_blocks_custom_css":"","_kad_blocks_head_custom_js":"","_kad_blocks_body_custom_js":"","_kad_blocks_footer_custom_js":"","_kad_post_transparent":"","_kad_post_title":"","_kad_post_layout":"","_kad_post_sidebar_id":"","_kad_post_content_style":"","_kad_post_vertical_padding":"","_kad_post_feature":"","_kad_post_feature_position":"","_kad_post_header":false,"_kad_post_footer":false,"_kad_post_classname":""},"product-category":[79],"product-tag":[80],"products-by-department":[81],"class_list":["post-3462","product","type-product","status-publish","has-post-thumbnail","hentry","product-category-tongue-depressor","product-tag-oral-patient-examination","products-by-department-e-n-t-department"],"acf":[],"taxonomy_info":{"product-category":[{"value":79,"label":"Tongue Depressor"}],"product-tag":[{"value":80,"label":"oral patient examination"}],"products-by-department":[{"value":81,"label":"E.N.T. department"}]},"featured_image_src_large":["https:\/\/hanheng-medical.com\/wp-content\/uploads\/2025\/04\/Plastic-or-Wooden-Tongue-DepressorThroat-or-Tonsils-Medical-ExaminationWax-Applicator-Sticks84051-01.jpg",800,800,false],"author_info":[],"comment_info":"","_links":{"self":[{"href":"https:\/\/hanheng-medical.com\/de\/wp-json\/wp\/v2\/product\/3462","targetHints":{"allow":["GET"]}}],"collection":[{"href":"https:\/\/hanheng-medical.com\/de\/wp-json\/wp\/v2\/product"}],"about":[{"href":"https:\/\/hanheng-medical.com\/de\/wp-json\/wp\/v2\/types\/product"}],"wp:featuredmedia":[{"embeddable":true,"href":"https:\/\/hanheng-medical.com\/de\/wp-json\/wp\/v2\/media\/3456"}],"wp:attachment":[{"href":"https:\/\/hanheng-medical.com\/de\/wp-json\/wp\/v2\/media?parent=3462"}],"wp:term":[{"taxonomy":"product-category","embeddable":true,"href":"https:\/\/hanheng-medical.com\/de\/wp-json\/wp\/v2\/product-category?post=3462"},{"taxonomy":"product-tag","embeddable":true,"href":"https:\/\/hanheng-medical.com\/de\/wp-json\/wp\/v2\/product-tag?post=3462"},{"taxonomy":"products-by-department","embeddable":true,"href":"https:\/\/hanheng-medical.com\/de\/wp-json\/wp\/v2\/products-by-department?post=3462"}],"curies":[{"name":"wp","href":"https:\/\/api.w.org\/{rel}","templated":true}]}}