{"id":3341,"date":"2025-04-15T01:09:12","date_gmt":"2025-04-15T01:09:12","guid":{"rendered":"https:\/\/hanheng.easiwin.com\/product\/plastic-endocervical-spatulaarye-with-dotted-line-vaginal-spatula-specimen-collection-from-ectocervix-and-posterior-fornix-cells\/"},"modified":"2025-05-09T07:46:39","modified_gmt":"2025-05-09T07:46:39","slug":"plastic-endocervical-spatulaarye-with-dotted-line-vaginal-spatula-specimen-collection-from-ectocervix-and-posterior-fornix-cells","status":"publish","type":"product","link":"https:\/\/hanheng-medical.com\/de\/product\/plastic-endocervical-spatulaarye-with-dotted-line-vaginal-spatula-specimen-collection-from-ectocervix-and-posterior-fornix-cells\/","title":{"rendered":"Kunststoff-Endozervikal-Spatel (Arye) mit gestrichelter Linie\/Vaginalspatel\/Probenentnahme aus Ektocervix- und hinteren Fornixzellen"},"content":{"rendered":"<h2>Hauptmerkmale<\/h2>\n<ol>\n<li>Flache, glatte Klinge: Minimiert Beschwerden bei der Zellgewinnung.<\/li>\n<li>Abgewinkelte oder konturierte Spitze: Entwickelt, um die Ektocervix und manchmal den Endozervikalkanal zu erreichen.<\/li>\n<li>Einmalgebrauch (in der Regel): Gew\u00e4hrleistet Hygiene und reduziert das Risiko einer Kreuzkontamination.<\/li>\n<li>Aus Kunststoff oder Holz: Leicht und Einwegartikel.<\/li>\n<li>Sterilisation &amp; Haltbarkeit: Erh\u00e4ltlich als ETO-sterilisiert mit einer Haltbarkeit von 5 Jahren oder als unsterile Option.<\/li>\n<li>Flexible Verpackung &amp; Verwendung: Einzeln verpackt oder in Gro\u00dfpackungen erh\u00e4ltlich, f\u00fcr den einmaligen Gebrauch bestimmt.<\/li>\n<li>Sicher &amp; hypoallergen: Latexfrei, wodurch das Risiko allergischer Reaktionen minimiert wird.<\/li>\n<\/ol>\n<table>\n<tbody>\n<tr>\n<td>Produktname<\/td>\n<td>Einweg-Vaginalspatel (Arye)<\/td>\n<\/tr>\n<tr>\n<td>Artikelnummer<\/td>\n<td>84040<\/td>\n<\/tr>\n<tr>\n<td>Die Nachfrage nach genauen, sicheren und sterilen Zytologieb\u00fcrsten w\u00e4chst mit der Ausweitung der diagnostischen Tests in den Bereichen Gyn\u00e4kologie, Onkologie und Atemwegsmedizin weiter. F\u00fcr Pathologielabore ist die Auswahl des richtigen Gro\u00dfh\u00e4ndlers oder Herstellers eine strategische Investition sowohl in die Patientenergebnisse als auch in die betriebliche Effizienz.<\/td>\n<td>Polypropylen<\/td>\n<\/tr>\n<tr>\n<td>Zertifizierung<\/td>\n<td>CE0197,FDA, GOST-R,NMPA, ISO13485<\/td>\n<\/tr>\n<tr>\n<td>Sterilisation<\/td>\n<td>EOS<\/td>\n<\/tr>\n<tr>\n<td>Haltbarkeit<\/td>\n<td>5 Jahre<\/td>\n<\/tr>\n<tr>\n<td rowspan=\"4\">Messungen<\/td>\n<td>Gesamtl\u00e4nge (L): 178+\/-5mm<\/td>\n<\/tr>\n<tr>\n<td>Kopfdurchmesser (D1): 19+\/-0,3mm<\/td>\n<\/tr>\n<tr>\n<td>Kopfdurchmesser (D2): 14,7+\/-0,3mm;<\/td>\n<\/tr>\n<tr>\n<td>Griffdurchmesser (D3): 5,9+\/-0,3mm;<\/td>\n<\/tr>\n<tr>\n<td>HS-Code<\/td>\n<td>901890<\/td>\n<\/tr>\n<\/tbody>\n<\/table>","protected":false},"featured_media":3344,"parent":0,"template":"","meta":{"_acf_changed":true,"_gspb_post_css":"","_kad_blocks_custom_css":"","_kad_blocks_head_custom_js":"","_kad_blocks_body_custom_js":"","_kad_blocks_footer_custom_js":"","_kad_post_transparent":"","_kad_post_title":"","_kad_post_layout":"","_kad_post_sidebar_id":"","_kad_post_content_style":"","_kad_post_vertical_padding":"","_kad_post_feature":"","_kad_post_feature_position":"","_kad_post_header":false,"_kad_post_footer":false,"_kad_post_classname":""},"product-category":[78],"product-tag":[29,34,30,35],"products-by-department":[33],"class_list":["post-3341","product","type-product","status-publish","has-post-thumbnail","hentry","product-category-disposable-cervical-spatula","product-tag-gynaecological-examinations","product-tag-hpv","product-tag-liquid-based-cytology","product-tag-pap","products-by-department-gynecology"],"acf":[],"taxonomy_info":{"product-category":[{"value":78,"label":"Disposable Cervical Spatula"}],"product-tag":[{"value":29,"label":"Gynaecological Examinations"},{"value":34,"label":"Hpv"},{"value":30,"label":"Liquid-Based Cytology"},{"value":35,"label":"Pap"}],"products-by-department":[{"value":33,"label":"Gynecology"}]},"featured_image_src_large":["https:\/\/hanheng-medical.com\/wp-content\/uploads\/2025\/04\/Plastic-Endocervical-SpatulaArye-with-Dotted-LineVaginal-SpatulaSpecimen-Collection-from-Ectocervix-and-Posterior-fornix-cells84040-2.jpg",800,800,false],"author_info":[],"comment_info":"","_links":{"self":[{"href":"https:\/\/hanheng-medical.com\/de\/wp-json\/wp\/v2\/product\/3341","targetHints":{"allow":["GET"]}}],"collection":[{"href":"https:\/\/hanheng-medical.com\/de\/wp-json\/wp\/v2\/product"}],"about":[{"href":"https:\/\/hanheng-medical.com\/de\/wp-json\/wp\/v2\/types\/product"}],"wp:featuredmedia":[{"embeddable":true,"href":"https:\/\/hanheng-medical.com\/de\/wp-json\/wp\/v2\/media\/3344"}],"wp:attachment":[{"href":"https:\/\/hanheng-medical.com\/de\/wp-json\/wp\/v2\/media?parent=3341"}],"wp:term":[{"taxonomy":"product-category","embeddable":true,"href":"https:\/\/hanheng-medical.com\/de\/wp-json\/wp\/v2\/product-category?post=3341"},{"taxonomy":"product-tag","embeddable":true,"href":"https:\/\/hanheng-medical.com\/de\/wp-json\/wp\/v2\/product-tag?post=3341"},{"taxonomy":"products-by-department","embeddable":true,"href":"https:\/\/hanheng-medical.com\/de\/wp-json\/wp\/v2\/products-by-department?post=3341"}],"curies":[{"name":"wp","href":"https:\/\/api.w.org\/{rel}","templated":true}]}}