{"id":3056,"date":"2025-04-07T06:19:56","date_gmt":"2025-04-07T06:19:56","guid":{"rendered":"https:\/\/hanheng.easiwin.com\/product\/polyurethane-foam-swab-nasal-specimen-collection-equipement-and-electronic-devices-cleaning-molded-breakpoint-g-0128\/"},"modified":"2025-05-19T09:31:37","modified_gmt":"2025-05-19T09:31:37","slug":"polyurethane-foam-swab-nasal-specimen-collection-equipement-and-electronic-devices-cleaning-molded-breakpoint-g-0128","status":"publish","type":"product","link":"https:\/\/hanheng-medical.com\/de\/product\/polyurethane-foam-swab-nasal-specimen-collection-equipement-and-electronic-devices-cleaning-molded-breakpoint-g-0128\/","title":{"rendered":"Polyurethanschaum-Tupfer\/Nasen-Probenentnahme\/Reinigung von Ger\u00e4ten und elektronischen Ger\u00e4ten\/Geformter Bruchpunkt G-0128"},"content":{"rendered":"<h2>Hauptmerkmale<\/h2>\n<ol>\n<li>Polyurethanschaum ist rei\u00df- und chemikalienbest\u00e4ndig.<\/li>\n<li>Ausgezeichnete Absorption<\/li>\n<li>Fusselfrei<\/li>\n<li>Sterilisation &amp; Haltbarkeit: ETO-sterilisiert mit einer Haltbarkeit von 5 Jahren.<\/li>\n<li>Sichere &amp; bequeme Anwendung: Einzeln verpackt, f\u00fcr den einmaligen Gebrauch und latexfrei f\u00fcr maximale Hygiene und Patientensicherheit.<\/li>\n<\/ol>\n<table>\n<tbody>\n<tr>\n<td>Produktname<\/td>\n<td>Einweg-Probenahme-Tupfer<\/td>\n<\/tr>\n<tr>\n<td>Artikelnummer<\/td>\n<td>G-0128<\/td>\n<\/tr>\n<tr>\n<td>H\u00e4ufig verwendet f\u00fcr<\/td>\n<td>Diagnostik\/Probenentnahme (Nasenbereich) Forensik\/Genetik<br \/>\nMedizinisch<\/td>\n<\/tr>\n<tr>\n<td rowspan=\"2\">Die Nachfrage nach genauen, sicheren und sterilen Zytologieb\u00fcrsten w\u00e4chst mit der Ausweitung der diagnostischen Tests in den Bereichen Gyn\u00e4kologie, Onkologie und Atemwegsmedizin weiter. F\u00fcr Pathologielabore ist die Auswahl des richtigen Gro\u00dfh\u00e4ndlers oder Herstellers eine strategische Investition sowohl in die Patientenergebnisse als auch in die betriebliche Effizienz.<\/td>\n<td>Spitze: Polyurethanschaum<\/td>\n<\/tr>\n<tr>\n<td>Schaft: Polypropylen (PP)<\/td>\n<\/tr>\n<tr>\n<td>Bruchpunkt<\/td>\n<td>40 mm von der Spitze<\/td>\n<\/tr>\n<tr>\n<td>Zertifizierung<\/td>\n<td>CE0197,FDA, GOST-R,NMPA, ISO13485<\/td>\n<\/tr>\n<tr>\n<td>Sterilisation<\/td>\n<td>EOS<\/td>\n<\/tr>\n<tr>\n<td>Haltbarkeit<\/td>\n<td>5 Jahre<\/td>\n<\/tr>\n<tr>\n<td rowspan=\"4\">Messungen<\/td>\n<td>Gesamtl\u00e4nge (L): 80+\/-10mm<\/td>\n<\/tr>\n<tr>\n<td>Spitzenl\u00e4nge (L1): 15+\/-3mm<br \/>\nSpitzendurchmesser (D1): 4+\/-1mm<\/td>\n<\/tr>\n<tr>\n<td>Schaftdurchmesser (D3): 2,5+\/-0,25mm<\/td>\n<\/tr>\n<tr>\n<td>Sollbruchstelle (L2): 40+\/-5mm<\/td>\n<\/tr>\n<tr>\n<td>HS-Code<\/td>\n<td>300590<\/td>\n<\/tr>\n<\/tbody>\n<\/table>","protected":false},"featured_media":2940,"parent":0,"template":"","meta":{"_acf_changed":false,"_gspb_post_css":"","_kad_blocks_custom_css":"","_kad_blocks_head_custom_js":"","_kad_blocks_body_custom_js":"","_kad_blocks_footer_custom_js":"","_kad_post_transparent":"","_kad_post_title":"","_kad_post_layout":"","_kad_post_sidebar_id":"","_kad_post_content_style":"","_kad_post_vertical_padding":"","_kad_post_feature":"","_kad_post_feature_position":"","_kad_post_header":false,"_kad_post_footer":false,"_kad_post_classname":""},"product-category":[50],"product-tag":[71,73,72,69,70],"products-by-department":[63],"class_list":["post-3056","product","type-product","status-publish","has-post-thumbnail","hentry","product-category-disposable-sampling-swab","product-tag-cleaning","product-tag-exceptional-particle-entrapment","product-tag-free-of-adhesives-and-binders","product-tag-polyurethane-foam-tip","product-tag-sample-collection-and-diagnostics","products-by-department-multiple-application"],"acf":[],"taxonomy_info":{"product-category":[{"value":50,"label":"Disposable Sampling Swab"}],"product-tag":[{"value":71,"label":"Cleaning"},{"value":73,"label":"Exceptional particle entrapment"},{"value":72,"label":"Free of Adhesives and Binders"},{"value":69,"label":"Polyurethane Foam Tip"},{"value":70,"label":"Sample Collection and Diagnostics"}],"products-by-department":[{"value":63,"label":"Multiple Application"}]},"featured_image_src_large":["https:\/\/hanheng-medical.com\/wp-content\/uploads\/2025\/04\/Polyurethane-Foam-SwabNasal-Specimen-CollectionEquipement-and-Electronic-Devices-CleaningMolded-Breakpoint-G-0128-2.jpg",800,800,false],"author_info":[],"comment_info":"","_links":{"self":[{"href":"https:\/\/hanheng-medical.com\/de\/wp-json\/wp\/v2\/product\/3056","targetHints":{"allow":["GET"]}}],"collection":[{"href":"https:\/\/hanheng-medical.com\/de\/wp-json\/wp\/v2\/product"}],"about":[{"href":"https:\/\/hanheng-medical.com\/de\/wp-json\/wp\/v2\/types\/product"}],"wp:featuredmedia":[{"embeddable":true,"href":"https:\/\/hanheng-medical.com\/de\/wp-json\/wp\/v2\/media\/2940"}],"wp:attachment":[{"href":"https:\/\/hanheng-medical.com\/de\/wp-json\/wp\/v2\/media?parent=3056"}],"wp:term":[{"taxonomy":"product-category","embeddable":true,"href":"https:\/\/hanheng-medical.com\/de\/wp-json\/wp\/v2\/product-category?post=3056"},{"taxonomy":"product-tag","embeddable":true,"href":"https:\/\/hanheng-medical.com\/de\/wp-json\/wp\/v2\/product-tag?post=3056"},{"taxonomy":"products-by-department","embeddable":true,"href":"https:\/\/hanheng-medical.com\/de\/wp-json\/wp\/v2\/products-by-department?post=3056"}],"curies":[{"name":"wp","href":"https:\/\/api.w.org\/{rel}","templated":true}]}}