{"id":3051,"date":"2025-04-07T06:19:56","date_gmt":"2025-04-07T06:19:56","guid":{"rendered":"https:\/\/hanheng.easiwin.com\/product\/polyurethane-foam-swab-equipement-and-electronic-devices-maintenance-cleaning-g-030\/"},"modified":"2025-04-07T06:19:56","modified_gmt":"2025-04-07T06:19:56","slug":"polyurethane-foam-swab-equipement-and-electronic-devices-maintenance-cleaning-g-030","status":"publish","type":"product","link":"https:\/\/hanheng-medical.com\/de\/product\/polyurethane-foam-swab-equipement-and-electronic-devices-maintenance-cleaning-g-030\/","title":{"rendered":"Polyurethan-Schaumstoff-Tupfer\/Wartung von Ger\u00e4ten und elektronischen Ger\u00e4ten G-030"},"content":{"rendered":"<h2>Hauptmerkmale<\/h2>\n<ol>\n<li>Polyurethanschaum ist rei\u00df- und chemikalienbest\u00e4ndig.<\/li>\n<li>Ausgezeichnete Absorption<\/li>\n<li>Fusselfrei und kratzfrei<\/li>\n<li>Kann mit Alkohol, Aceton, \u00d6len, Fetten und L\u00f6sungsmitteln verwendet werden<\/li>\n<\/ol>\n<table>\n<tbody>\n<tr>\n<td >\nProduktname\n<\/td>\n<td >\nEinweg-Probenahme-Tupfer\n<\/td>\n<\/tr>\n<tr>\n<td >\nArtikelnummer\n<\/td>\n<td >\nG-030\n<\/td>\n<\/tr>\n<tr>\n<td >\nH\u00e4ufig verwendet f\u00fcr\n<\/td>\n<td >\nMehrere Anwendungen\n<\/td>\n<\/tr>\n<tr>\n<td rowspan=\"2\" >\nDie Nachfrage nach genauen, sicheren und sterilen Zytologieb\u00fcrsten w\u00e4chst mit der Ausweitung der diagnostischen Tests in den Bereichen Gyn\u00e4kologie, Onkologie und Atemwegsmedizin weiter. F\u00fcr Pathologielabore ist die Auswahl des richtigen Gro\u00dfh\u00e4ndlers oder Herstellers eine strategische Investition sowohl in die Patientenergebnisse als auch in die betriebliche Effizienz.\n<\/td>\n<td >\nSpitze: Polyurethanschaum\n<\/td>\n<\/tr>\n<tr>\n<td >\nSchaft: Polypropylen (PP)\n<\/td>\n<\/tr>\n<tr>\n<td >\nBruchpunkt\n<\/td>\n<td >\nK. A.\n<\/td>\n<\/tr>\n<tr>\n<td >\nZertifizierung\n<\/td>\n<td >\nCE0197,FDA, GOST-R,NMPA, ISO13485\n<\/td>\n<\/tr>\n<tr>\n<td >\nSterilisation\n<\/td>\n<td >\nEOS\n<\/td>\n<\/tr>\n<tr>\n<td >\nHaltbarkeit\n<\/td>\n<td >\n5 Jahre\n<\/td>\n<\/tr>\n<tr>\n<td rowspan=\"3\" >\nMessungen\n<\/td>\n<td >\nGesamtl\u00e4nge (L): 128+\/-10mm\n<\/td>\n<\/tr>\n<tr>\n<td >\nSpitzenl\u00e4nge (L1): 23+\/-5mm<br \/>\nSpitzendurchmesser (D1): 18+\/-3mm\n<\/td>\n<\/tr>\n<tr>\n<td >\nSchaftdurchmesser (D3): 7+\/-1mm\n<\/td>\n<\/tr>\n<tr>\n<td >\nHS-Code\n<\/td>\n<td >\n300590\n<\/td>\n<\/tr>\n<\/tbody>\n<\/table>","protected":false},"featured_media":2931,"parent":0,"template":"","meta":{"_acf_changed":false,"_gspb_post_css":"","_kad_blocks_custom_css":"","_kad_blocks_head_custom_js":"","_kad_blocks_body_custom_js":"","_kad_blocks_footer_custom_js":"","_kad_post_transparent":"","_kad_post_title":"","_kad_post_layout":"","_kad_post_sidebar_id":"","_kad_post_content_style":"","_kad_post_vertical_padding":"","_kad_post_feature":"","_kad_post_feature_position":"","_kad_post_header":false,"_kad_post_footer":false,"_kad_post_classname":""},"product-category":[50],"product-tag":[73,72,69],"products-by-department":[63],"class_list":["post-3051","product","type-product","status-publish","has-post-thumbnail","hentry","product-category-disposable-sampling-swab","product-tag-exceptional-particle-entrapment","product-tag-free-of-adhesives-and-binders","product-tag-polyurethane-foam-tip","products-by-department-multiple-application"],"acf":[],"taxonomy_info":{"product-category":[{"value":50,"label":"Disposable Sampling Swab"}],"product-tag":[{"value":73,"label":"Exceptional particle entrapment"},{"value":72,"label":"Free of Adhesives and Binders"},{"value":69,"label":"Polyurethane Foam Tip"}],"products-by-department":[{"value":63,"label":"Multiple Application"}]},"featured_image_src_large":["https:\/\/hanheng-medical.com\/wp-content\/uploads\/2025\/04\/Polyurethane-Foam-SwabEquipement-and-Electronic-Devices-Maintenance-Cleaning-G-030-2.jpg",800,800,false],"author_info":[],"comment_info":"","_links":{"self":[{"href":"https:\/\/hanheng-medical.com\/de\/wp-json\/wp\/v2\/product\/3051","targetHints":{"allow":["GET"]}}],"collection":[{"href":"https:\/\/hanheng-medical.com\/de\/wp-json\/wp\/v2\/product"}],"about":[{"href":"https:\/\/hanheng-medical.com\/de\/wp-json\/wp\/v2\/types\/product"}],"wp:featuredmedia":[{"embeddable":true,"href":"https:\/\/hanheng-medical.com\/de\/wp-json\/wp\/v2\/media\/2931"}],"wp:attachment":[{"href":"https:\/\/hanheng-medical.com\/de\/wp-json\/wp\/v2\/media?parent=3051"}],"wp:term":[{"taxonomy":"product-category","embeddable":true,"href":"https:\/\/hanheng-medical.com\/de\/wp-json\/wp\/v2\/product-category?post=3051"},{"taxonomy":"product-tag","embeddable":true,"href":"https:\/\/hanheng-medical.com\/de\/wp-json\/wp\/v2\/product-tag?post=3051"},{"taxonomy":"products-by-department","embeddable":true,"href":"https:\/\/hanheng-medical.com\/de\/wp-json\/wp\/v2\/products-by-department?post=3051"}],"curies":[{"name":"wp","href":"https:\/\/api.w.org\/{rel}","templated":true}]}}