{"id":3045,"date":"2025-04-07T06:19:54","date_gmt":"2025-04-07T06:19:54","guid":{"rendered":"https:\/\/hanheng.easiwin.com\/product\/cotton-tipped-swab-plastic-shaft-specimen-collection-cleaning-medicine-applying-f\/"},"modified":"2025-04-07T06:19:54","modified_gmt":"2025-04-07T06:19:54","slug":"cotton-tipped-swab-plastic-shaft-specimen-collection-cleaning-medicine-applying-f","status":"publish","type":"product","link":"https:\/\/hanheng-medical.com\/de\/product\/cotton-tipped-swab-plastic-shaft-specimen-collection-cleaning-medicine-applying-f\/","title":{"rendered":"Tupfer mit Baumwollspitze\/Kunststoffschaft\/Probenentnahme\/Reinigung\/Medikamentenauftragung F"},"content":{"rendered":"<h2>Hauptmerkmale<\/h2>\n<ol>\n<li>Ein weicher Tupfer mit Baumwollspitze ist n\u00fctzlich bei der Probenentnahme, dem Mischen von Medikamenten, dem Auftragen von Medikamenten, Make-up und mehr.<\/li>\n<li>Sterilisation &amp; Haltbarkeit: ETO-sterilisiert mit einer Haltbarkeit von 5 Jahren.<\/li>\n<li>Sichere &amp; bequeme Anwendung: Einzeln verpackt, f\u00fcr den einmaligen Gebrauch und latexfrei f\u00fcr maximale Hygiene und Patientensicherheit.<\/li>\n<\/ol>\n<table>\n<tbody>\n<tr>\n<td >\nProduktname\n<\/td>\n<td >\nEinweg-Probenahme-Tupfer\n<\/td>\n<\/tr>\n<tr>\n<td >\nArtikelnummer\n<\/td>\n<td >\nF\n<\/td>\n<\/tr>\n<tr>\n<td >\nH\u00e4ufig verwendet f\u00fcr\n<\/td>\n<td >\nMehrere Anwendungen\n<\/td>\n<\/tr>\n<tr>\n<td rowspan=\"2\" >\nDie Nachfrage nach genauen, sicheren und sterilen Zytologieb\u00fcrsten w\u00e4chst mit der Ausweitung der diagnostischen Tests in den Bereichen Gyn\u00e4kologie, Onkologie und Atemwegsmedizin weiter. F\u00fcr Pathologielabore ist die Auswahl des richtigen Gro\u00dfh\u00e4ndlers oder Herstellers eine strategische Investition sowohl in die Patientenergebnisse als auch in die betriebliche Effizienz.\n<\/td>\n<td >\nSpitze: Baumwolle\n<\/td>\n<\/tr>\n<tr>\n<td >\nSchaft:<br \/>\nHolz;<br \/>\nOder Acrylnitril-Butadien-Styrol (ABS);<br \/>\noder Polystyrol (PS) oder Polypropylen (PP);\n<\/td>\n<\/tr>\n<tr>\n<td >\nBruchpunkt\n<\/td>\n<td >\nVerf\u00fcgbar\n<\/td>\n<\/tr>\n<tr>\n<td >\nZertifizierung\n<\/td>\n<td >\nCE0197,FDA, GOST-R,NMPA, ISO13485\n<\/td>\n<\/tr>\n<tr>\n<td >\nSterilisation\n<\/td>\n<td >\nEOS\n<\/td>\n<\/tr>\n<tr>\n<td >\nHaltbarkeit\n<\/td>\n<td >\n5 Jahre\n<\/td>\n<\/tr>\n<tr>\n<td rowspan=\"4\" >\nMessungen\n<\/td>\n<td >\nGesamtl\u00e4nge (L): 148+\/-10mm\n<\/td>\n<\/tr>\n<tr>\n<td >\nSpitzenl\u00e4nge (L1): 13+\/-5mm<br \/>\nSpitzendurchmesser (D1): 4,5+\/-2mm\n<\/td>\n<\/tr>\n<tr>\n<td >\nSchaftdurchmesser (D2): 2,5+\/-1mm\n<\/td>\n<\/tr>\n<tr>\n<td >\nSchaftdurchmesser (D3): 2,5+\/-1mm\n<\/td>\n<\/tr>\n<tr>\n<td >\nHS-Code\n<\/td>\n<td >\n300590\n<\/td>\n<\/tr>\n<\/tbody>\n<\/table>","protected":false},"featured_media":2956,"parent":0,"template":"","meta":{"_acf_changed":false,"_gspb_post_css":"","_kad_blocks_custom_css":"","_kad_blocks_head_custom_js":"","_kad_blocks_body_custom_js":"","_kad_blocks_footer_custom_js":"","_kad_post_transparent":"","_kad_post_title":"","_kad_post_layout":"","_kad_post_sidebar_id":"","_kad_post_content_style":"","_kad_post_vertical_padding":"","_kad_post_feature":"","_kad_post_feature_position":"","_kad_post_header":false,"_kad_post_footer":false,"_kad_post_classname":""},"product-category":[50],"product-tag":[67,68],"products-by-department":[63],"class_list":["post-3045","product","type-product","status-publish","has-post-thumbnail","hentry","product-category-disposable-sampling-swab","product-tag-cotton-tip","product-tag-sample-collection-from-vaginal-cervix-and-urethra","products-by-department-multiple-application"],"acf":[],"taxonomy_info":{"product-category":[{"value":50,"label":"Disposable Sampling Swab"}],"product-tag":[{"value":67,"label":"Cotton Tip"},{"value":68,"label":"Sample Collection from Vaginal, Cervix and Urethra"}],"products-by-department":[{"value":63,"label":"Multiple Application"}]},"featured_image_src_large":["https:\/\/hanheng-medical.com\/wp-content\/uploads\/2025\/04\/Cotton-Tipped-Swab-Plastic-ShaftSpecimen-CollectionCleaningMedicine-Applying-F-2.jpg",800,800,false],"author_info":[],"comment_info":"","_links":{"self":[{"href":"https:\/\/hanheng-medical.com\/de\/wp-json\/wp\/v2\/product\/3045","targetHints":{"allow":["GET"]}}],"collection":[{"href":"https:\/\/hanheng-medical.com\/de\/wp-json\/wp\/v2\/product"}],"about":[{"href":"https:\/\/hanheng-medical.com\/de\/wp-json\/wp\/v2\/types\/product"}],"wp:featuredmedia":[{"embeddable":true,"href":"https:\/\/hanheng-medical.com\/de\/wp-json\/wp\/v2\/media\/2956"}],"wp:attachment":[{"href":"https:\/\/hanheng-medical.com\/de\/wp-json\/wp\/v2\/media?parent=3045"}],"wp:term":[{"taxonomy":"product-category","embeddable":true,"href":"https:\/\/hanheng-medical.com\/de\/wp-json\/wp\/v2\/product-category?post=3045"},{"taxonomy":"product-tag","embeddable":true,"href":"https:\/\/hanheng-medical.com\/de\/wp-json\/wp\/v2\/product-tag?post=3045"},{"taxonomy":"products-by-department","embeddable":true,"href":"https:\/\/hanheng-medical.com\/de\/wp-json\/wp\/v2\/products-by-department?post=3045"}],"curies":[{"name":"wp","href":"https:\/\/api.w.org\/{rel}","templated":true}]}}