{"id":3041,"date":"2025-04-07T06:19:54","date_gmt":"2025-04-07T06:19:54","guid":{"rendered":"https:\/\/hanheng.easiwin.com\/product\/nylon-flocked-swab-nasal-specimen-collection-a-0115\/"},"modified":"2025-04-07T06:19:54","modified_gmt":"2025-04-07T06:19:54","slug":"nylon-flocked-swab-nasal-specimen-collection-a-0115","status":"publish","type":"product","link":"https:\/\/hanheng-medical.com\/de\/product\/nylon-flocked-swab-nasal-specimen-collection-a-0115\/","title":{"rendered":"Nylon-beflockter Tupfer\/Nasenprobenentnahme A-0115"},"content":{"rendered":"<h2>Hauptmerkmale<\/h2>\n<ol>\n<li>\u00dcberlegene Probenentnahme: Der beflockte Tupfer hat keinen inneren Kern, um die Probe einzufangen, wodurch eine schnelle Absorption erm\u00f6glicht und eine schnelle und vollst\u00e4ndige Elution der Probe gew\u00e4hrleistet wird.<\/li>\n<li>Design f\u00fcr mehrere Entnahmestellen: Verschiedene Schaft- und Spitzendimensionen machen den beflockten Tupfer zu einer verbesserten Alternative zu invasiven und kostspieligen Entnahmeverfahren.<\/li>\n<li>Der perfekte Partner: Der beflockte Tupfer kann mit verschiedenen bakteriologischen und virologischen Transportmedien kombiniert werden, wodurch die Kompatibilit\u00e4t mit unz\u00e4hligen nachgeschalteten Assays erweitert wird.<\/li>\n<li>Sterilisation &amp; Haltbarkeit: ETO-sterilisiert mit einer Haltbarkeit von 5 Jahren.<\/li>\n<li>Sichere &amp; bequeme Anwendung: Einzeln verpackt, f\u00fcr den einmaligen Gebrauch und latexfrei f\u00fcr maximale Hygiene und Patientensicherheit.<\/li>\n<\/ol>\n<table>\n<tbody>\n<tr>\n<td >\nProduktname\n<\/td>\n<td >\nEinweg-Probenahme-Tupfer\n<\/td>\n<\/tr>\n<tr>\n<td >\nArtikelnummer\n<\/td>\n<td >\nA-0115\n<\/td>\n<\/tr>\n<tr>\n<td >\nH\u00e4ufig verwendet f\u00fcr\n<\/td>\n<td >\nVordere Nasenprobenentnahme<br \/>\nCovid 19\/FluA&amp;B\/PCR\n<\/td>\n<\/tr>\n<tr>\n<td rowspan=\"2\" >\nDie Nachfrage nach genauen, sicheren und sterilen Zytologieb\u00fcrsten w\u00e4chst mit der Ausweitung der diagnostischen Tests in den Bereichen Gyn\u00e4kologie, Onkologie und Atemwegsmedizin weiter. F\u00fcr Pathologielabore ist die Auswahl des richtigen Gro\u00dfh\u00e4ndlers oder Herstellers eine strategische Investition sowohl in die Patientenergebnisse als auch in die betriebliche Effizienz.\n<\/td>\n<td >\nSpitze: Nylon-Flocking-Floss\n<\/td>\n<\/tr>\n<tr>\n<td >\nSchaft: Acrylnitril-Butadien-Styrol (ABS)\n<\/td>\n<\/tr>\n<tr>\n<td >\nBruchpunkt\n<\/td>\n<td >\nK. A.\n<\/td>\n<\/tr>\n<tr>\n<td >\nZertifizierung\n<\/td>\n<td >\nCE0197,FDA, GOST-R,NMPA, ISO13485\n<\/td>\n<\/tr>\n<tr>\n<td >\nSterilisation\n<\/td>\n<td >\nEOS\n<\/td>\n<\/tr>\n<tr>\n<td >\nHaltbarkeit\n<\/td>\n<td >\n5 Jahre\n<\/td>\n<\/tr>\n<tr>\n<td rowspan=\"4\" >\nMessungen\n<\/td>\n<td >\nGesamtl\u00e4nge (L): 80+\/-10mm\n<\/td>\n<\/tr>\n<tr>\n<td >\nSpitzenl\u00e4nge (L1): 20+\/-5mm<br \/>\nSpitzendurchmesser (D1): 3,5+\/-2mm\n<\/td>\n<\/tr>\n<tr>\n<td >\nSchaftdurchmesser (D2): 1,5+\/-0,5mm\n<\/td>\n<\/tr>\n<tr>\n<td >\nSchaftdurchmesser (D3): 2,5+\/-0,25mm\n<\/td>\n<\/tr>\n<tr>\n<td >\nHS-Code\n<\/td>\n<td >\n300590\n<\/td>\n<\/tr>\n<\/tbody>\n<\/table>","protected":false},"featured_media":2906,"parent":0,"template":"","meta":{"_acf_changed":false,"_gspb_post_css":"","_kad_blocks_custom_css":"","_kad_blocks_head_custom_js":"","_kad_blocks_body_custom_js":"","_kad_blocks_footer_custom_js":"","_kad_post_transparent":"","_kad_post_title":"","_kad_post_layout":"","_kad_post_sidebar_id":"","_kad_post_content_style":"","_kad_post_vertical_padding":"","_kad_post_feature":"","_kad_post_feature_position":"","_kad_post_header":false,"_kad_post_footer":false,"_kad_post_classname":""},"product-category":[50],"product-tag":[51,45,52],"products-by-department":[53],"class_list":["post-3041","product","type-product","status-publish","has-post-thumbnail","hentry","product-category-disposable-sampling-swab","product-tag-flocked-tip","product-tag-molded-breakpoint","product-tag-respiratory-specimen-collection","products-by-department-respiratory"],"acf":[],"taxonomy_info":{"product-category":[{"value":50,"label":"Disposable Sampling Swab"}],"product-tag":[{"value":51,"label":"Flocked tip"},{"value":45,"label":"Molded Breakpoint"},{"value":52,"label":"Respiratory Specimen Collection"}],"products-by-department":[{"value":53,"label":"Respiratory"}]},"featured_image_src_large":["https:\/\/hanheng-medical.com\/wp-content\/uploads\/2025\/04\/Nylon-Flocked-SwabNasal-Specimen-Collection-A-0115-2.jpg",800,800,false],"author_info":[],"comment_info":"","_links":{"self":[{"href":"https:\/\/hanheng-medical.com\/de\/wp-json\/wp\/v2\/product\/3041","targetHints":{"allow":["GET"]}}],"collection":[{"href":"https:\/\/hanheng-medical.com\/de\/wp-json\/wp\/v2\/product"}],"about":[{"href":"https:\/\/hanheng-medical.com\/de\/wp-json\/wp\/v2\/types\/product"}],"wp:featuredmedia":[{"embeddable":true,"href":"https:\/\/hanheng-medical.com\/de\/wp-json\/wp\/v2\/media\/2906"}],"wp:attachment":[{"href":"https:\/\/hanheng-medical.com\/de\/wp-json\/wp\/v2\/media?parent=3041"}],"wp:term":[{"taxonomy":"product-category","embeddable":true,"href":"https:\/\/hanheng-medical.com\/de\/wp-json\/wp\/v2\/product-category?post=3041"},{"taxonomy":"product-tag","embeddable":true,"href":"https:\/\/hanheng-medical.com\/de\/wp-json\/wp\/v2\/product-tag?post=3041"},{"taxonomy":"products-by-department","embeddable":true,"href":"https:\/\/hanheng-medical.com\/de\/wp-json\/wp\/v2\/products-by-department?post=3041"}],"curies":[{"name":"wp","href":"https:\/\/api.w.org\/{rel}","templated":true}]}}