{"id":2499,"date":"2025-03-21T01:36:09","date_gmt":"2025-03-21T01:36:09","guid":{"rendered":"https:\/\/hanheng.easiwin.com\/product\/cytological-brush-pap-smear-chlamydia-hpv-screening-protective-bulb-tip-protective-sheath-molded-breakpoint-37mm-8130b21\/"},"modified":"2025-05-09T07:45:24","modified_gmt":"2025-05-09T07:45:24","slug":"cytological-brush-pap-smear-chlamydia-hpv-screening-protective-bulb-tip-protective-sheath-molded-breakpoint-37mm-8130b21","status":"publish","type":"product","link":"https:\/\/hanheng-medical.com\/de\/product\/cytological-brush-pap-smear-chlamydia-hpv-screening-protective-bulb-tip-protective-sheath-molded-breakpoint-37mm-8130b21\/","title":{"rendered":"Zytologische B\u00fcrste\/Pap-Abstrich\/Chlamydien\/HPV-Screening\/Sch\u00fctzende Zwiebelspitze\/Schutzh\u00fclle\/Geformter Bruchpunkt 37mm 8130B21"},"content":{"rendered":"<h2>Hauptmerkmale<\/h2>\n<ol>\n<li>Zuverl\u00e4ssige Probenentnahme: Gew\u00e4hrleistet die Entnahme von ausreichend zytologischem Material aus dem Geb\u00e4rmutterhals f\u00fcr eine genaue Diagnostik.<\/li>\n<li>Einfaches Einf\u00fchren: Die konische Form erm\u00f6glicht ein sanftes, m\u00fcheloses Einf\u00fchren, selbst bei einer stenotischen Zervix.<\/li>\n<li>Der geformte Bruchpunkt erm\u00f6glicht ein einfaches Abl\u00f6sen des Probenkopfes in das R\u00f6hrchen und macht ihn mit der LBC-Methode (Liquid-Based Cytology) kompatibel.<\/li>\n<li>Schmerzfrei &amp; komfortabel: Weiche Nylonborsten sorgen f\u00fcr ein sanftes, schmerzfreies Erlebnis f\u00fcr die Patienten.<\/li>\n<li>Sterilisation &amp; Haltbarkeit: Erh\u00e4ltlich als ETO-sterilisiert mit einer Haltbarkeit von 5 Jahren oder als unsterile Option.<\/li>\n<li>Flexible Verpackung &amp; Verwendung: Einzeln verpackt oder in Gro\u00dfpackungen erh\u00e4ltlich, f\u00fcr den einmaligen Gebrauch bestimmt.<\/li>\n<li>Sicher &amp; hypoallergen: Latexfrei, wodurch das Risiko allergischer Reaktionen minimiert wird.<\/li>\n<\/ol>\n<table>\n<tbody>\n<tr>\n<td>Produktname<\/td>\n<td>Einweg-Probenahmeb\u00fcrste<\/td>\n<\/tr>\n<tr>\n<td>Artikelnummer<\/td>\n<td>8130B21<\/td>\n<\/tr>\n<tr>\n<td rowspan=\"4\">Die Nachfrage nach genauen, sicheren und sterilen Zytologieb\u00fcrsten w\u00e4chst mit der Ausweitung der diagnostischen Tests in den Bereichen Gyn\u00e4kologie, Onkologie und Atemwegsmedizin weiter. F\u00fcr Pathologielabore ist die Auswahl des richtigen Gro\u00dfh\u00e4ndlers oder Herstellers eine strategische Investition sowohl in die Patientenergebnisse als auch in die betriebliche Effizienz.<\/td>\n<td>Probenkopf: Nylonfloss, SUS 304<\/td>\n<\/tr>\n<tr>\n<td>Probenentnahme-Griff: Polypropylen<\/td>\n<\/tr>\n<tr>\n<td>Schutzh\u00fclle: Polypropylen<\/td>\n<\/tr>\n<tr>\n<td>Sch\u00fctzende Zwiebelspitze: Epoxy<\/td>\n<\/tr>\n<tr>\n<td>Zertifizierung<\/td>\n<td>CE0197,FDA, GOST-R,NMPA, ISO13485<\/td>\n<\/tr>\n<tr>\n<td>Sterilisation<\/td>\n<td>EOS<\/td>\n<\/tr>\n<tr>\n<td>Haltbarkeit<\/td>\n<td>5 Jahre<\/td>\n<\/tr>\n<tr>\n<td rowspan=\"4\">Messungen<\/td>\n<td>Gesamtl\u00e4nge (L): 190+\/-10mm<\/td>\n<\/tr>\n<tr>\n<td>Kopfl\u00e4nge (L1): 22+\/-5mm<\/td>\n<\/tr>\n<tr>\n<td>Kopfdurchmesser (D1): 17+\/-3mm;<\/td>\n<\/tr>\n<tr>\n<td>Griffdurchmesser (D2): 5+\/-1mm;<\/td>\n<\/tr>\n<tr>\n<td>Bruchpunkt<\/td>\n<td>37 mm von der Spitze entfernt<\/td>\n<\/tr>\n<tr>\n<td>HS-Code<\/td>\n<td>901890<\/td>\n<\/tr>\n<\/tbody>\n<\/table>","protected":false},"featured_media":2482,"parent":0,"template":"","meta":{"_acf_changed":false,"_gspb_post_css":"","_kad_blocks_custom_css":"","_kad_blocks_head_custom_js":"","_kad_blocks_body_custom_js":"","_kad_blocks_footer_custom_js":"","_kad_post_transparent":"","_kad_post_title":"","_kad_post_layout":"","_kad_post_sidebar_id":"","_kad_post_content_style":"","_kad_post_vertical_padding":"","_kad_post_feature":"","_kad_post_feature_position":"","_kad_post_header":false,"_kad_post_footer":false,"_kad_post_classname":""},"product-category":[39],"product-tag":[48,40,45,41,47],"products-by-department":[33],"class_list":["post-2499","product","type-product","status-publish","has-post-thumbnail","hentry","product-category-disposable-sampling-brush","product-tag-cervical-anatomy-conforming-brush-tip-design","product-tag-cytology","product-tag-molded-breakpoint","product-tag-pap-smear","product-tag-protective-bulb-tip-and-sheath","products-by-department-gynecology"],"acf":[],"taxonomy_info":{"product-category":[{"value":39,"label":"Disposable Sampling Brush"}],"product-tag":[{"value":48,"label":"Cervical anatomy-conforming brush tip design"},{"value":40,"label":"Cytology"},{"value":45,"label":"Molded Breakpoint"},{"value":41,"label":"Pap Smear"},{"value":47,"label":"Protective bulb Tip and Sheath"}],"products-by-department":[{"value":33,"label":"Gynecology"}]},"featured_image_src_large":["https:\/\/hanheng-medical.com\/wp-content\/uploads\/2025\/03\/Cytological-brushPap-SmearchlamydiaHPV-ScreeningProtective-bulb-tip-Protective-Sheath-8130B21-3.jpg",800,800,false],"author_info":[],"comment_info":"","_links":{"self":[{"href":"https:\/\/hanheng-medical.com\/de\/wp-json\/wp\/v2\/product\/2499","targetHints":{"allow":["GET"]}}],"collection":[{"href":"https:\/\/hanheng-medical.com\/de\/wp-json\/wp\/v2\/product"}],"about":[{"href":"https:\/\/hanheng-medical.com\/de\/wp-json\/wp\/v2\/types\/product"}],"wp:featuredmedia":[{"embeddable":true,"href":"https:\/\/hanheng-medical.com\/de\/wp-json\/wp\/v2\/media\/2482"}],"wp:attachment":[{"href":"https:\/\/hanheng-medical.com\/de\/wp-json\/wp\/v2\/media?parent=2499"}],"wp:term":[{"taxonomy":"product-category","embeddable":true,"href":"https:\/\/hanheng-medical.com\/de\/wp-json\/wp\/v2\/product-category?post=2499"},{"taxonomy":"product-tag","embeddable":true,"href":"https:\/\/hanheng-medical.com\/de\/wp-json\/wp\/v2\/product-tag?post=2499"},{"taxonomy":"products-by-department","embeddable":true,"href":"https:\/\/hanheng-medical.com\/de\/wp-json\/wp\/v2\/products-by-department?post=2499"}],"curies":[{"name":"wp","href":"https:\/\/api.w.org\/{rel}","templated":true}]}}