{"id":2278,"date":"2025-03-19T06:18:01","date_gmt":"2025-03-19T06:18:01","guid":{"rendered":"https:\/\/hanheng.easiwin.com\/product\/vagianl-swab-bacterial-vaginosis-yeast-infections-sexually-transmitted-infections-8321\/"},"modified":"2025-05-13T01:03:28","modified_gmt":"2025-05-13T01:03:28","slug":"vagianl-swab-bacterial-vaginosis-yeast-infections-sexually-transmitted-infections-8321","status":"publish","type":"product","link":"https:\/\/hanheng-medical.com\/de\/product\/vagianl-swab-bacterial-vaginosis-yeast-infections-sexually-transmitted-infections-8321\/","title":{"rendered":"Vaginaltupfer \/Bakterielle Vaginose\/Hefepilzinfektionen\/Sexuell \u00fcbertragbare Infektionen 8321"},"content":{"rendered":"<h2>Hauptmerkmale<\/h2>\n<ul>\n<li>Hohe Zellentnahme &amp; rasche Elution: Die beflockte Tupferspitze ist f\u00fcr eine effiziente Zellentnahme konzipiert und gew\u00e4hrleistet die sofortige Freisetzung von Proben in das Transportmedium.<\/li>\n<li>Kein innerer Matratzenkern: Verhindert die Dispersion und das Einfangen von Proben und bewahrt so die maximale Probenintegrit\u00e4t.<\/li>\n<li>Sterilisation &amp; Haltbarkeit: ETO-sterilisiert mit einer Haltbarkeit von 5 Jahren.<\/li>\n<li>Verpackung &amp; Verwendung: Einzeln verpackt und f\u00fcr den einmaligen Gebrauch bestimmt, um optimale Hygiene und Sicherheit zu gew\u00e4hrleisten.<\/li>\n<\/ul>\n<table>\n<tbody>\n<tr>\n<td>\n<p>Produktname<\/p>\n<\/td>\n<td>\n<p>Zervikaler Einweg-Probenehmer<\/p>\n<\/td>\n<\/tr>\n<tr>\n<td>\n<p>Artikelnummer<\/p>\n<\/td>\n<td>\n<p>8321<\/p>\n<\/td>\n<\/tr>\n<tr>\n<td rowspan=\"2\">\n<p>Die Nachfrage nach genauen, sicheren und sterilen Zytologieb\u00fcrsten w\u00e4chst mit der Ausweitung der diagnostischen Tests in den Bereichen Gyn\u00e4kologie, Onkologie und Atemwegsmedizin weiter. F\u00fcr Pathologielabore ist die Auswahl des richtigen Gro\u00dfh\u00e4ndlers oder Herstellers eine strategische Investition sowohl in die Patientenergebnisse als auch in die betriebliche Effizienz.<\/p>\n<\/td>\n<td>\n<p>Spitze: Nylon<\/p>\n<\/td>\n<\/tr>\n<tr>\n<td>\n<p>Schaft: Polypropylen<\/p>\n<\/td>\n<\/tr>\n<tr>\n<td>\n<p>Zertifizierung<\/p>\n<\/td>\n<td>\n<p>CE0197,FDA, GOST-R,NMPA, ISO13485<\/p>\n<\/td>\n<\/tr>\n<tr>\n<td>\n<p>Sterilisation<\/p>\n<\/td>\n<td>\n<p>EOS<\/p>\n<\/td>\n<\/tr>\n<tr>\n<td>\n<p>Haltbarkeit<\/p>\n<\/td>\n<td>\n<p>5 Jahre<\/p>\n<\/td>\n<\/tr>\n<tr>\n<td rowspan=\"3\">\n<p>Messungen<\/p>\n<\/td>\n<td>\n<p>Gesamtl\u00e4nge (L): 202+\/-10mm<\/p>\n<\/td>\n<\/tr>\n<tr>\n<td>\n<p>Spitzendurchmesser (D1): 9,5+\/-2mm<\/p>\n<\/td>\n<\/tr>\n<tr>\n<td>\n<p>Schaftdurchmesser (D2): 5+\/-1mm;<\/p>\n<\/td>\n<\/tr>\n<tr>\n<td>\n<p>HS-Code<\/p>\n<\/td>\n<td>\n<p>901890<\/p>\n<\/td>\n<\/tr>\n<\/tbody>\n<\/table>\n\n\n<figure class=\"wp-block-image size-large\"><img loading=\"lazy\" decoding=\"async\" width=\"1024\" height=\"111\" src=\"https:\/\/hanheng-medical.com\/wp-content\/uploads\/2025\/03\/8321-1024x111.jpg\" alt=\"\" class=\"wp-image-2327\" title=\"\" srcset=\"https:\/\/hanheng-medical.com\/wp-content\/uploads\/2025\/03\/8321-1024x111.jpg 1024w, https:\/\/hanheng-medical.com\/wp-content\/uploads\/2025\/03\/8321-300x33.jpg 300w, https:\/\/hanheng-medical.com\/wp-content\/uploads\/2025\/03\/8321-768x83.jpg 768w, https:\/\/hanheng-medical.com\/wp-content\/uploads\/2025\/03\/8321.jpg 1052w\" sizes=\"auto, (max-width: 1024px) 100vw, 1024px\" \/><\/figure>","protected":false},"featured_media":2235,"parent":0,"template":"","meta":{"_acf_changed":true,"_gspb_post_css":"","_kad_blocks_custom_css":"","_kad_blocks_head_custom_js":"","_kad_blocks_body_custom_js":"","_kad_blocks_footer_custom_js":"","_kad_post_transparent":"","_kad_post_title":"","_kad_post_layout":"","_kad_post_sidebar_id":"","_kad_post_content_style":"","_kad_post_vertical_padding":"","_kad_post_feature":"","_kad_post_feature_position":"","_kad_post_header":false,"_kad_post_footer":false,"_kad_post_classname":""},"product-category":[28],"product-tag":[29,38,36,37],"products-by-department":[33],"class_list":["post-2278","product","type-product","status-publish","has-post-thumbnail","hentry","product-category-disposable-cervical-sampler","product-tag-gynaecological-examinations","product-tag-nylon-flocking-tip","product-tag-reproductive-health","product-tag-sti-test","products-by-department-gynecology"],"acf":[],"taxonomy_info":{"product-category":[{"value":28,"label":"Disposable Cervical Sampler"}],"product-tag":[{"value":29,"label":"Gynaecological Examinations"},{"value":38,"label":"Nylon Flocking Tip"},{"value":36,"label":"Reproductive Health"},{"value":37,"label":"Sti Test"}],"products-by-department":[{"value":33,"label":"Gynecology"}]},"featured_image_src_large":["https:\/\/hanheng-medical.com\/wp-content\/uploads\/2025\/03\/Vagianl-Swab-Bacterial-vaginosisyeast-infectionsSexually-transmitted-infections-8321\uff082\uff09.jpg",800,800,false],"author_info":[],"comment_info":"","_links":{"self":[{"href":"https:\/\/hanheng-medical.com\/de\/wp-json\/wp\/v2\/product\/2278","targetHints":{"allow":["GET"]}}],"collection":[{"href":"https:\/\/hanheng-medical.com\/de\/wp-json\/wp\/v2\/product"}],"about":[{"href":"https:\/\/hanheng-medical.com\/de\/wp-json\/wp\/v2\/types\/product"}],"wp:featuredmedia":[{"embeddable":true,"href":"https:\/\/hanheng-medical.com\/de\/wp-json\/wp\/v2\/media\/2235"}],"wp:attachment":[{"href":"https:\/\/hanheng-medical.com\/de\/wp-json\/wp\/v2\/media?parent=2278"}],"wp:term":[{"taxonomy":"product-category","embeddable":true,"href":"https:\/\/hanheng-medical.com\/de\/wp-json\/wp\/v2\/product-category?post=2278"},{"taxonomy":"product-tag","embeddable":true,"href":"https:\/\/hanheng-medical.com\/de\/wp-json\/wp\/v2\/product-tag?post=2278"},{"taxonomy":"products-by-department","embeddable":true,"href":"https:\/\/hanheng-medical.com\/de\/wp-json\/wp\/v2\/products-by-department?post=2278"}],"curies":[{"name":"wp","href":"https:\/\/api.w.org\/{rel}","templated":true}]}}