{"id":2272,"date":"2025-03-19T06:18:01","date_gmt":"2025-03-19T06:18:01","guid":{"rendered":"https:\/\/hanheng.easiwin.com\/product\/cervical-scancer-screening-hpv-screening-double-tips-broom-tip-and-nylon-conical-cytobrush-tip-8312\/"},"modified":"2025-05-13T01:01:49","modified_gmt":"2025-05-13T01:01:49","slug":"cervical-scancer-screening-hpv-screening-double-tips-broom-tip-and-nylon-conical-cytobrush-tip-8312","status":"publish","type":"product","link":"https:\/\/hanheng-medical.com\/de\/product\/cervical-scancer-screening-hpv-screening-double-tips-broom-tip-and-nylon-conical-cytobrush-tip-8312\/","title":{"rendered":"Geb\u00e4rmutterhalskrebs-Screening &amp; HPV-Screening\/Doppelspitzen Besenspitze und konische Nylon-Zytob\u00fcrstenspitze 8312"},"content":{"rendered":"<h2>Hauptmerkmale<\/h2>\n<ol>\n<li>Bl\u00fcten\u00e4hnliche Spitze: Hergestellt aus gut definierten, halbkreisf\u00f6rmigen, weichen und flexiblen Haaren f\u00fcr eine optimale Probenentnahme.<\/li>\n<li>Konische Nylonb\u00fcrstenspitze: Die konische Form erm\u00f6glicht ein einfaches Einf\u00fchren, selbst bei einer stenotischen Zervix, w\u00e4hrend die weichen Nylonborsten einen v\u00f6llig schmerzlosen Eingriff gew\u00e4hrleisten.<\/li>\n<li>Optionaler abnehmbarer B\u00fcrstenkopf kann je nach verwendeter LBC-Methode geliefert werden<\/li>\n<li>4. Sterilisation &amp; Haltbarkeit: ETO-sterilisiert mit einer Haltbarkeit von 5 Jahren.<\/li>\n<li>5. Verpackung &amp; Verwendung: Einzeln verpackt, zur einmaligen Verwendung und latexfrei f\u00fcr maximale Sicherheit und Hygiene.<\/li>\n<\/ol>\n<table>\n<tbody>\n<tr>\n<td>\n<p>Produktname<\/p>\n<\/td>\n<td>\n<p>Zervikaler Einweg-Probenehmer<\/p>\n<\/td>\n<\/tr>\n<tr>\n<td>\n<p>Artikelnummer<\/p>\n<\/td>\n<td>\n<p>8312<\/p>\n<\/td>\n<\/tr>\n<tr>\n<td rowspan=\"3\">\n<p>Die Nachfrage nach genauen, sicheren und sterilen Zytologieb\u00fcrsten w\u00e4chst mit der Ausweitung der diagnostischen Tests in den Bereichen Gyn\u00e4kologie, Onkologie und Atemwegsmedizin weiter. F\u00fcr Pathologielabore ist die Auswahl des richtigen Gro\u00dfh\u00e4ndlers oder Herstellers eine strategische Investition sowohl in die Patientenergebnisse als auch in die betriebliche Effizienz.<\/p>\n<\/td>\n<td>\n<p>Spitze: Polyethylenborsten, Nylonfaden, SUS 304<\/p>\n<\/td>\n<\/tr>\n<tr>\n<td>\n<p>Schaft: Polypropylen (Blau oder Rosa)<\/p>\n<\/td>\n<\/tr>\n<tr>\n<td>\n<p>Push Tube : Polypropylen<\/p>\n<\/td>\n<\/tr>\n<tr>\n<td>\n<p>Zertifizierung<\/p>\n<\/td>\n<td>\n<p>CE0197,FDA, GOST-R,NMPA, ISO13485<\/p>\n<\/td>\n<\/tr>\n<tr>\n<td>\n<p>Sterilisation<\/p>\n<\/td>\n<td>\n<p>EOS<\/p>\n<\/td>\n<\/tr>\n<tr>\n<td>\n<p>Haltbarkeit<\/p>\n<\/td>\n<td>\n<p>5 Jahre<\/p>\n<\/td>\n<\/tr>\n<tr>\n<td rowspan=\"4\">\n<p>Messungen<\/p>\n<\/td>\n<td>\n<p>Gesamtl\u00e4nge (L): 200+\/-10mm<\/p>\n<\/td>\n<\/tr>\n<tr>\n<td>\n<p>Spitzendurchmesser (D1): 20,5+\/-2mm<\/p>\n<\/td>\n<\/tr>\n<tr>\n<td>\n<p>Schaftdurchmesser (D2): 4,5+\/-1mm;<\/p>\n<\/td>\n<\/tr>\n<tr>\n<td>\n<p>Schaftdurchmesser (D3): 7+\/-2mm;<\/p>\n<\/td>\n<\/tr>\n<tr>\n<td>\n<p>HS-Code<\/p>\n<\/td>\n<td>\n<p>901890<\/p>\n<\/td>\n<\/tr>\n<\/tbody>\n<\/table>\n\n\n<figure class=\"wp-block-image size-full\"><img loading=\"lazy\" decoding=\"async\" width=\"1010\" height=\"173\" src=\"https:\/\/hanheng-medical.com\/wp-content\/uploads\/2025\/03\/8312.jpg\" alt=\"\" class=\"wp-image-2321\" title=\"\" srcset=\"https:\/\/hanheng-medical.com\/wp-content\/uploads\/2025\/03\/8312.jpg 1010w, https:\/\/hanheng-medical.com\/wp-content\/uploads\/2025\/03\/8312-300x51.jpg 300w, https:\/\/hanheng-medical.com\/wp-content\/uploads\/2025\/03\/8312-768x132.jpg 768w\" sizes=\"auto, (max-width: 1010px) 100vw, 1010px\" \/><\/figure>","protected":false},"featured_media":2244,"parent":0,"template":"","meta":{"_acf_changed":true,"_gspb_post_css":"","_kad_blocks_custom_css":"","_kad_blocks_head_custom_js":"","_kad_blocks_body_custom_js":"","_kad_blocks_footer_custom_js":"","_kad_post_transparent":"","_kad_post_title":"","_kad_post_layout":"","_kad_post_sidebar_id":"","_kad_post_content_style":"","_kad_post_vertical_padding":"","_kad_post_feature":"","_kad_post_feature_position":"","_kad_post_header":false,"_kad_post_footer":false,"_kad_post_classname":""},"product-category":[28],"product-tag":[29,34,30,35],"products-by-department":[33],"class_list":["post-2272","product","type-product","status-publish","has-post-thumbnail","hentry","product-category-disposable-cervical-sampler","product-tag-gynaecological-examinations","product-tag-hpv","product-tag-liquid-based-cytology","product-tag-pap","products-by-department-gynecology"],"acf":[],"taxonomy_info":{"product-category":[{"value":28,"label":"Disposable Cervical Sampler"}],"product-tag":[{"value":29,"label":"Gynaecological Examinations"},{"value":34,"label":"Hpv"},{"value":30,"label":"Liquid-Based Cytology"},{"value":35,"label":"Pap"}],"products-by-department":[{"value":33,"label":"Gynecology"}]},"featured_image_src_large":["https:\/\/hanheng-medical.com\/wp-content\/uploads\/2025\/03\/Cervical-Scancer-Screening-HPV-ScreeningDouble-tips-Broom-tip-and-Nylon-Conical-cytobrush-tip-8312-4.jpg",800,800,false],"author_info":[],"comment_info":"","_links":{"self":[{"href":"https:\/\/hanheng-medical.com\/de\/wp-json\/wp\/v2\/product\/2272","targetHints":{"allow":["GET"]}}],"collection":[{"href":"https:\/\/hanheng-medical.com\/de\/wp-json\/wp\/v2\/product"}],"about":[{"href":"https:\/\/hanheng-medical.com\/de\/wp-json\/wp\/v2\/types\/product"}],"wp:featuredmedia":[{"embeddable":true,"href":"https:\/\/hanheng-medical.com\/de\/wp-json\/wp\/v2\/media\/2244"}],"wp:attachment":[{"href":"https:\/\/hanheng-medical.com\/de\/wp-json\/wp\/v2\/media?parent=2272"}],"wp:term":[{"taxonomy":"product-category","embeddable":true,"href":"https:\/\/hanheng-medical.com\/de\/wp-json\/wp\/v2\/product-category?post=2272"},{"taxonomy":"product-tag","embeddable":true,"href":"https:\/\/hanheng-medical.com\/de\/wp-json\/wp\/v2\/product-tag?post=2272"},{"taxonomy":"products-by-department","embeddable":true,"href":"https:\/\/hanheng-medical.com\/de\/wp-json\/wp\/v2\/products-by-department?post=2272"}],"curies":[{"name":"wp","href":"https:\/\/api.w.org\/{rel}","templated":true}]}}